{"id":3419,"date":"2019-11-25T14:28:04","date_gmt":"2019-11-25T13:28:04","guid":{"rendered":"https:\/\/dev1e24jormax.devdg.pt\/product\/porte-dechelles\/"},"modified":"2025-07-18T11:07:13","modified_gmt":"2025-07-18T09:07:13","slug":"porte-dechelles","status":"publish","type":"product","link":"https:\/\/dev1e24jormax.devdg.pt\/es\/producto\/porte-dechelles\/","title":{"rendered":"PORTE D&rsquo;\u00c9CHELLES"},"content":{"rendered":"","protected":false},"excerpt":{"rendered":"<p>Accessoire universel pour tenir les escaliers, en acier galvanis\u00e9. C&rsquo;est un accessoire qui se monte facilement sur n&rsquo;importe quelle surface. Il peut \u00eatre fix\u00e9 au mur ou au plafond, car il est plac\u00e9 verticalement ou horizontalement.<br \/>\nAccessoire tr\u00e8s \u00e9conomique remplissant les fonctions suivantes:<br \/>\n\u2022 Prot\u00e8ge contre le vol;<br \/>\n\u2022 Espace de stockage r\u00e9duit;<br \/>\n\u2022 \u00c9vitez les accidents dus \u00e0 la possibilit\u00e9 de chutes d&rsquo;\u00e9chelles.<br \/>\nAide \u00e0 maintenir l&rsquo;ordre dans l&rsquo;entrep\u00f4t. Le kit comprend deux crochets de dimensions: 282-216x138x16 mm et deux cadenas.<\/p>","protected":false},"featured_media":3420,"template":"","meta":{"_acf_changed":false},"product_brand":[],"product_cat":[107],"product_tag":[],"class_list":{"0":"post-3419","1":"product","2":"type-product","3":"status-publish","4":"has-post-thumbnail","6":"product_cat-autres","8":"first","9":"outofstock","10":"taxable","11":"shipping-taxable","12":"product-type-variable"},"acf":[],"_links":{"self":[{"href":"https:\/\/dev1e24jormax.devdg.pt\/es\/wp-json\/wp\/v2\/product\/3419","targetHints":{"allow":["GET"]}}],"collection":[{"href":"https:\/\/dev1e24jormax.devdg.pt\/es\/wp-json\/wp\/v2\/product"}],"about":[{"href":"https:\/\/dev1e24jormax.devdg.pt\/es\/wp-json\/wp\/v2\/types\/product"}],"wp:featuredmedia":[{"embeddable":true,"href":"https:\/\/dev1e24jormax.devdg.pt\/es\/wp-json\/wp\/v2\/media\/3420"}],"wp:attachment":[{"href":"https:\/\/dev1e24jormax.devdg.pt\/es\/wp-json\/wp\/v2\/media?parent=3419"}],"wp:term":[{"taxonomy":"product_brand","embeddable":true,"href":"https:\/\/dev1e24jormax.devdg.pt\/es\/wp-json\/wp\/v2\/product_brand?post=3419"},{"taxonomy":"product_cat","embeddable":true,"href":"https:\/\/dev1e24jormax.devdg.pt\/es\/wp-json\/wp\/v2\/product_cat?post=3419"},{"taxonomy":"product_tag","embeddable":true,"href":"https:\/\/dev1e24jormax.devdg.pt\/es\/wp-json\/wp\/v2\/product_tag?post=3419"}],"curies":[{"name":"wp","href":"https:\/\/api.w.org\/{rel}","templated":true}]}}