{"id":3416,"date":"2019-11-25T14:24:48","date_gmt":"2019-11-25T13:24:48","guid":{"rendered":"https:\/\/dev1e24jormax.devdg.pt\/product\/spacer\/"},"modified":"2025-07-18T11:07:12","modified_gmt":"2025-07-18T09:07:12","slug":"spacer","status":"publish","type":"product","link":"https:\/\/dev1e24jormax.devdg.pt\/es\/producto\/spacer\/","title":{"rendered":"SPACER"},"content":{"rendered":"","protected":false},"excerpt":{"rendered":"<p>Id\u00e9al pour les t\u00e2ches n\u00e9cessitant une \u00e9chelle s\u00e9par\u00e9e au mur. Il permet \u00e0 l&rsquo;op\u00e9rateur de travailler \u00e0 une certaine distance du mur tout en offrant un soutien stable et s\u00fbr \u00e0 l&rsquo;\u00e9chelle. Facile \u00e0 utiliser, il convient \u00e0 toute \u00e9chelle de profil maximale 84 mm. Convient pour les travaux de peinture et de nettoyage.<br \/>\nS\u00e9paration minimale: 38 cm<br \/>\nS\u00e9paration maximale: 72 cm<\/p>","protected":false},"featured_media":3417,"template":"","meta":{"_acf_changed":false},"product_brand":[],"product_cat":[107],"product_tag":[],"class_list":{"0":"post-3416","1":"product","2":"type-product","3":"status-publish","4":"has-post-thumbnail","6":"product_cat-autres","8":"first","9":"outofstock","10":"taxable","11":"shipping-taxable","12":"product-type-variable"},"acf":[],"_links":{"self":[{"href":"https:\/\/dev1e24jormax.devdg.pt\/es\/wp-json\/wp\/v2\/product\/3416","targetHints":{"allow":["GET"]}}],"collection":[{"href":"https:\/\/dev1e24jormax.devdg.pt\/es\/wp-json\/wp\/v2\/product"}],"about":[{"href":"https:\/\/dev1e24jormax.devdg.pt\/es\/wp-json\/wp\/v2\/types\/product"}],"wp:featuredmedia":[{"embeddable":true,"href":"https:\/\/dev1e24jormax.devdg.pt\/es\/wp-json\/wp\/v2\/media\/3417"}],"wp:attachment":[{"href":"https:\/\/dev1e24jormax.devdg.pt\/es\/wp-json\/wp\/v2\/media?parent=3416"}],"wp:term":[{"taxonomy":"product_brand","embeddable":true,"href":"https:\/\/dev1e24jormax.devdg.pt\/es\/wp-json\/wp\/v2\/product_brand?post=3416"},{"taxonomy":"product_cat","embeddable":true,"href":"https:\/\/dev1e24jormax.devdg.pt\/es\/wp-json\/wp\/v2\/product_cat?post=3416"},{"taxonomy":"product_tag","embeddable":true,"href":"https:\/\/dev1e24jormax.devdg.pt\/es\/wp-json\/wp\/v2\/product_tag?post=3416"}],"curies":[{"name":"wp","href":"https:\/\/api.w.org\/{rel}","templated":true}]}}