{"id":3414,"date":"2019-11-25T12:22:37","date_gmt":"2019-11-25T11:22:37","guid":{"rendered":"https:\/\/dev1e24jormax.devdg.pt\/product\/kit-confort\/"},"modified":"2025-07-18T11:07:11","modified_gmt":"2025-07-18T09:07:11","slug":"kit-confort","status":"publish","type":"product","link":"https:\/\/dev1e24jormax.devdg.pt\/es\/producto\/kit-confort\/","title":{"rendered":"KIT CONFORT"},"content":{"rendered":"","protected":false},"excerpt":{"rendered":"<p>Plateforme et arceau de s\u00e9curit\u00e9 pour les \u00e9chelles \u00e0 l&rsquo;appui. Ce kit comprend une plateforme de travail et un arc de s\u00e9curit\u00e9. C&rsquo;est un accessoire universel qui peut \u00eatre mont\u00e9 sur tout type d&rsquo;\u00e9chelle pour supporter le mur. Il offre s\u00e9curit\u00e9 et commodit\u00e9 pour effectuer des travaux \u00e0 haute altitude, en \u00e9liminant la fatigue ressentie lorsque vous tenez au sommet de l&rsquo;\u00e9chelle. Le travailleur se sent \u00e0 l&rsquo;aise, ce qui augmente sa productivit\u00e9. Il n&rsquo;est pas n\u00e9cessaire de d\u00e9monter le kit de confort pour ouvrir, fermer et transporter l&rsquo;\u00e9chelle. <\/p>\n<p>\u00a0<\/p>\n<p><strong>Plateforme de travail:<\/strong><br \/>\nPliable et en aluminium antid\u00e9rapant. Il se ferme et s&rsquo;ouvre avec le pied, ce qui facilite la mont\u00e9e et la chute des utilisateurs.<br \/>\n<strong>Dimensions de la plateforme:<\/strong> 25&#215;26 cm.<\/p>\n<p>\u00a0<\/p>\n<p><strong>Garde-corps de s\u00e9curit\u00e9:<\/strong><br \/>\nLe garde-corps ajustable est plac\u00e9 \u00e0 la taille de l&rsquo;utilisateur, offrant s\u00e9curit\u00e9 et confort \u00e0 l&rsquo;utilisateur.<\/p>","protected":false},"featured_media":3415,"template":"","meta":{"_acf_changed":false},"product_brand":[],"product_cat":[107],"product_tag":[],"class_list":{"0":"post-3414","1":"product","2":"type-product","3":"status-publish","4":"has-post-thumbnail","6":"product_cat-autres","8":"first","9":"outofstock","10":"taxable","11":"shipping-taxable","12":"product-type-variable"},"acf":[],"_links":{"self":[{"href":"https:\/\/dev1e24jormax.devdg.pt\/es\/wp-json\/wp\/v2\/product\/3414","targetHints":{"allow":["GET"]}}],"collection":[{"href":"https:\/\/dev1e24jormax.devdg.pt\/es\/wp-json\/wp\/v2\/product"}],"about":[{"href":"https:\/\/dev1e24jormax.devdg.pt\/es\/wp-json\/wp\/v2\/types\/product"}],"wp:featuredmedia":[{"embeddable":true,"href":"https:\/\/dev1e24jormax.devdg.pt\/es\/wp-json\/wp\/v2\/media\/3415"}],"wp:attachment":[{"href":"https:\/\/dev1e24jormax.devdg.pt\/es\/wp-json\/wp\/v2\/media?parent=3414"}],"wp:term":[{"taxonomy":"product_brand","embeddable":true,"href":"https:\/\/dev1e24jormax.devdg.pt\/es\/wp-json\/wp\/v2\/product_brand?post=3414"},{"taxonomy":"product_cat","embeddable":true,"href":"https:\/\/dev1e24jormax.devdg.pt\/es\/wp-json\/wp\/v2\/product_cat?post=3414"},{"taxonomy":"product_tag","embeddable":true,"href":"https:\/\/dev1e24jormax.devdg.pt\/es\/wp-json\/wp\/v2\/product_tag?post=3414"}],"curies":[{"name":"wp","href":"https:\/\/api.w.org\/{rel}","templated":true}]}}