{"id":3409,"date":"2019-11-25T12:17:31","date_gmt":"2019-11-25T11:17:31","guid":{"rendered":"https:\/\/dev1e24jormax.devdg.pt\/product\/support-pour-de-toit\/"},"modified":"2025-07-18T11:07:09","modified_gmt":"2025-07-18T09:07:09","slug":"support-pour-de-toit","status":"publish","type":"product","link":"https:\/\/dev1e24jormax.devdg.pt\/es\/producto\/support-pour-de-toit\/","title":{"rendered":"SUPPORT POUR DE TOIT"},"content":{"rendered":"","protected":false},"excerpt":{"rendered":"<p>Pi\u00e8ce d&rsquo;application dans les \u00e9chelles, pour le support lors de l&rsquo;utilisation. Emp\u00eache les coulissantes des \u00e9chelles sur le toit &#8211; le point de fixation du support est fourni comme sur la photo 1. Sur demande, il peut \u00eatre construit comme la photo 2. Convient aux \u00e9chelles d&rsquo;une largeur int\u00e9rieure minimale de 38 mm.<\/p>\n<p>&nbsp;<\/p>\n<p><strong>Roues:<\/strong> 120 mm<br \/>\nRenforc\u00e9 de tube interne<br \/>\n<strong>Tube:<\/strong> 32 mm<br \/>\n<strong>Largeur:<\/strong> 37 mm<\/p>","protected":false},"featured_media":3410,"template":"","meta":{"_acf_changed":false},"product_brand":[],"product_cat":[107],"product_tag":[],"class_list":{"0":"post-3409","1":"product","2":"type-product","3":"status-publish","4":"has-post-thumbnail","6":"product_cat-autres","8":"first","9":"outofstock","10":"taxable","11":"shipping-taxable","12":"product-type-variable"},"acf":[],"_links":{"self":[{"href":"https:\/\/dev1e24jormax.devdg.pt\/es\/wp-json\/wp\/v2\/product\/3409","targetHints":{"allow":["GET"]}}],"collection":[{"href":"https:\/\/dev1e24jormax.devdg.pt\/es\/wp-json\/wp\/v2\/product"}],"about":[{"href":"https:\/\/dev1e24jormax.devdg.pt\/es\/wp-json\/wp\/v2\/types\/product"}],"wp:featuredmedia":[{"embeddable":true,"href":"https:\/\/dev1e24jormax.devdg.pt\/es\/wp-json\/wp\/v2\/media\/3410"}],"wp:attachment":[{"href":"https:\/\/dev1e24jormax.devdg.pt\/es\/wp-json\/wp\/v2\/media?parent=3409"}],"wp:term":[{"taxonomy":"product_brand","embeddable":true,"href":"https:\/\/dev1e24jormax.devdg.pt\/es\/wp-json\/wp\/v2\/product_brand?post=3409"},{"taxonomy":"product_cat","embeddable":true,"href":"https:\/\/dev1e24jormax.devdg.pt\/es\/wp-json\/wp\/v2\/product_cat?post=3409"},{"taxonomy":"product_tag","embeddable":true,"href":"https:\/\/dev1e24jormax.devdg.pt\/es\/wp-json\/wp\/v2\/product_tag?post=3409"}],"curies":[{"name":"wp","href":"https:\/\/api.w.org\/{rel}","templated":true}]}}