{"id":3407,"date":"2019-11-25T12:15:12","date_gmt":"2019-11-25T11:15:12","guid":{"rendered":"https:\/\/dev1e24jormax.devdg.pt\/product\/kit-crochets\/"},"modified":"2025-07-18T11:07:09","modified_gmt":"2025-07-18T09:07:09","slug":"kit-crochets","status":"publish","type":"product","link":"https:\/\/dev1e24jormax.devdg.pt\/es\/producto\/kit-crochets\/","title":{"rendered":"KIT CROCHETS"},"content":{"rendered":"","protected":false},"excerpt":{"rendered":"<p>Ils fournissent une plus grande fixation aux \u00e9chelles. Accessoire universel applicable \u00e0 toute \u00e9chelle. Les crochets sont en aluminium inject\u00e9 et servent \u00e0 fixer l\u2019\u00e9chelle \u00e0 un tuyau ou \u00e0 un rail et \u00e0 l\u2019emp\u00eacher de bouger. Soutenez toujours les pieds de l\u2019\u00e9chelle au sol et ne travaillez pas avec l\u2019\u00e9chelle en suspension. Mesures de diam\u00e8tre 50 mm. Kit sans attaches (rivets ou vis).<\/p>","protected":false},"featured_media":3408,"template":"","meta":{"_acf_changed":false},"product_brand":[],"product_cat":[107],"product_tag":[],"class_list":{"0":"post-3407","1":"product","2":"type-product","3":"status-publish","4":"has-post-thumbnail","6":"product_cat-autres","8":"first","9":"outofstock","10":"taxable","11":"shipping-taxable","12":"product-type-variable"},"acf":[],"_links":{"self":[{"href":"https:\/\/dev1e24jormax.devdg.pt\/es\/wp-json\/wp\/v2\/product\/3407","targetHints":{"allow":["GET"]}}],"collection":[{"href":"https:\/\/dev1e24jormax.devdg.pt\/es\/wp-json\/wp\/v2\/product"}],"about":[{"href":"https:\/\/dev1e24jormax.devdg.pt\/es\/wp-json\/wp\/v2\/types\/product"}],"wp:featuredmedia":[{"embeddable":true,"href":"https:\/\/dev1e24jormax.devdg.pt\/es\/wp-json\/wp\/v2\/media\/3408"}],"wp:attachment":[{"href":"https:\/\/dev1e24jormax.devdg.pt\/es\/wp-json\/wp\/v2\/media?parent=3407"}],"wp:term":[{"taxonomy":"product_brand","embeddable":true,"href":"https:\/\/dev1e24jormax.devdg.pt\/es\/wp-json\/wp\/v2\/product_brand?post=3407"},{"taxonomy":"product_cat","embeddable":true,"href":"https:\/\/dev1e24jormax.devdg.pt\/es\/wp-json\/wp\/v2\/product_cat?post=3407"},{"taxonomy":"product_tag","embeddable":true,"href":"https:\/\/dev1e24jormax.devdg.pt\/es\/wp-json\/wp\/v2\/product_tag?post=3407"}],"curies":[{"name":"wp","href":"https:\/\/api.w.org\/{rel}","templated":true}]}}