{"id":3405,"date":"2019-11-25T12:11:50","date_gmt":"2019-11-25T11:11:50","guid":{"rendered":"https:\/\/dev1e24jormax.devdg.pt\/product\/kit-main-courante\/"},"modified":"2025-07-18T11:07:08","modified_gmt":"2025-07-18T09:07:08","slug":"kit-main-courante","status":"publish","type":"product","link":"https:\/\/dev1e24jormax.devdg.pt\/es\/producto\/kit-main-courante\/","title":{"rendered":"KIT MAIN COURANTE"},"content":{"rendered":"","protected":false},"excerpt":{"rendered":"<p>Ils permettent une mont\u00e9e plus confortable et plus s\u00fbre sur n\u2019importe quelle \u00e9chelle. Accessoire universel applicable \u00e0 tout type d&rsquo;\u00e9chelle. Fabriqu\u00e9s en aluminium tubulaire, ils sont boulonn\u00e9s aux montants. Disponibles en deux longueurs, elles permettent \u00e0 l&rsquo;op\u00e9rateur de monter confortablement, offrant confort et s\u00e9curit\u00e9. Pour les longues \u00e9chelles, il est conseill\u00e9 de mont\u00e9 des mains courantes plus grandes. Il est possible de demander l\u2019\u00e9chelle avec les mains courantes d\u00e9j\u00e0 install\u00e9es (demander un devis).<br \/>\nMain courante de s\u00e9curit\u00e9 en aluminium.<\/p>\n<p>\u00a0<\/p>\n<p>Barras 1 m | REF: 10700<br \/>\nBarras 2 m | REF: 10701<\/p>","protected":false},"featured_media":3406,"template":"","meta":{"_acf_changed":false},"product_brand":[],"product_cat":[107],"product_tag":[],"class_list":{"0":"post-3405","1":"product","2":"type-product","3":"status-publish","4":"has-post-thumbnail","6":"product_cat-autres","8":"first","9":"outofstock","10":"taxable","11":"shipping-taxable","12":"product-type-variable"},"acf":[],"_links":{"self":[{"href":"https:\/\/dev1e24jormax.devdg.pt\/es\/wp-json\/wp\/v2\/product\/3405","targetHints":{"allow":["GET"]}}],"collection":[{"href":"https:\/\/dev1e24jormax.devdg.pt\/es\/wp-json\/wp\/v2\/product"}],"about":[{"href":"https:\/\/dev1e24jormax.devdg.pt\/es\/wp-json\/wp\/v2\/types\/product"}],"wp:featuredmedia":[{"embeddable":true,"href":"https:\/\/dev1e24jormax.devdg.pt\/es\/wp-json\/wp\/v2\/media\/3406"}],"wp:attachment":[{"href":"https:\/\/dev1e24jormax.devdg.pt\/es\/wp-json\/wp\/v2\/media?parent=3405"}],"wp:term":[{"taxonomy":"product_brand","embeddable":true,"href":"https:\/\/dev1e24jormax.devdg.pt\/es\/wp-json\/wp\/v2\/product_brand?post=3405"},{"taxonomy":"product_cat","embeddable":true,"href":"https:\/\/dev1e24jormax.devdg.pt\/es\/wp-json\/wp\/v2\/product_cat?post=3405"},{"taxonomy":"product_tag","embeddable":true,"href":"https:\/\/dev1e24jormax.devdg.pt\/es\/wp-json\/wp\/v2\/product_tag?post=3405"}],"curies":[{"name":"wp","href":"https:\/\/api.w.org\/{rel}","templated":true}]}}