{"id":3397,"date":"2019-11-25T11:14:45","date_gmt":"2019-11-25T10:14:45","guid":{"rendered":"https:\/\/dev1e24jormax.devdg.pt\/product\/porte-outil-box-superieur\/"},"modified":"2025-07-18T11:07:05","modified_gmt":"2025-07-18T09:07:05","slug":"porte-outil-box-superieur","status":"publish","type":"product","link":"https:\/\/dev1e24jormax.devdg.pt\/es\/producto\/porte-outil-box-superieur\/","title":{"rendered":"PORTE-OUTIL BOX SUP\u00c9RIEUR"},"content":{"rendered":"","protected":false},"excerpt":{"rendered":"<p>Porte-outils universel pour escabeau, facile \u00e0 utiliser et \u00e0 assembler. Fabriqu\u00e9 en PVC pour toujours disposer des outils sans avoir \u00e0 quitter le poste de travail. S&rsquo;adapte au sommet de la vo\u00fbte de l&rsquo;escabeau en aluminium. Mod\u00e8le \u00e0 utiliser dans les escabeaux \u00e0 plateau arrondi.<\/p>\n<p>\u00a0<\/p>","protected":false},"featured_media":3398,"template":"","meta":{"_acf_changed":false},"product_brand":[],"product_cat":[107],"product_tag":[],"class_list":{"0":"post-3397","1":"product","2":"type-product","3":"status-publish","4":"has-post-thumbnail","6":"product_cat-autres","8":"first","9":"outofstock","10":"taxable","11":"shipping-taxable","12":"product-type-variable"},"acf":[],"_links":{"self":[{"href":"https:\/\/dev1e24jormax.devdg.pt\/es\/wp-json\/wp\/v2\/product\/3397","targetHints":{"allow":["GET"]}}],"collection":[{"href":"https:\/\/dev1e24jormax.devdg.pt\/es\/wp-json\/wp\/v2\/product"}],"about":[{"href":"https:\/\/dev1e24jormax.devdg.pt\/es\/wp-json\/wp\/v2\/types\/product"}],"wp:featuredmedia":[{"embeddable":true,"href":"https:\/\/dev1e24jormax.devdg.pt\/es\/wp-json\/wp\/v2\/media\/3398"}],"wp:attachment":[{"href":"https:\/\/dev1e24jormax.devdg.pt\/es\/wp-json\/wp\/v2\/media?parent=3397"}],"wp:term":[{"taxonomy":"product_brand","embeddable":true,"href":"https:\/\/dev1e24jormax.devdg.pt\/es\/wp-json\/wp\/v2\/product_brand?post=3397"},{"taxonomy":"product_cat","embeddable":true,"href":"https:\/\/dev1e24jormax.devdg.pt\/es\/wp-json\/wp\/v2\/product_cat?post=3397"},{"taxonomy":"product_tag","embeddable":true,"href":"https:\/\/dev1e24jormax.devdg.pt\/es\/wp-json\/wp\/v2\/product_tag?post=3397"}],"curies":[{"name":"wp","href":"https:\/\/api.w.org\/{rel}","templated":true}]}}