{"id":3394,"date":"2019-11-25T11:00:52","date_gmt":"2019-11-25T10:00:52","guid":{"rendered":"https:\/\/dev1e24jormax.devdg.pt\/product\/box-porte-outils\/"},"modified":"2025-07-18T11:07:04","modified_gmt":"2025-07-18T09:07:04","slug":"box-porte-outils","status":"publish","type":"product","link":"https:\/\/dev1e24jormax.devdg.pt\/es\/producto\/box-porte-outils\/","title":{"rendered":"BOX PORTE-OUTILS"},"content":{"rendered":"","protected":false},"excerpt":{"rendered":"<p>Porte-outils universel pour les \u00e9chelles, facile \u00e0 utiliser et \u00e0 assembler. Fabriqu\u00e9 en PVC pour toujours disposer des outils sans avoir \u00e0 quitter le poste de travail. Il s&rsquo;adapte sur le montant maximale de l&rsquo;\u00e9chelle de 35 mm et repose sur une marche d&rsquo;une largeur maximale de 100 mm.<\/p>\n<p>\u00a0<\/p>","protected":false},"featured_media":3395,"template":"","meta":{"_acf_changed":false},"product_brand":[],"product_cat":[15],"product_tag":[],"class_list":{"0":"post-3394","1":"product","2":"type-product","3":"status-publish","4":"has-post-thumbnail","6":"product_cat-semcategoria","8":"first","9":"outofstock","10":"taxable","11":"shipping-taxable","12":"product-type-variable"},"acf":[],"_links":{"self":[{"href":"https:\/\/dev1e24jormax.devdg.pt\/es\/wp-json\/wp\/v2\/product\/3394","targetHints":{"allow":["GET"]}}],"collection":[{"href":"https:\/\/dev1e24jormax.devdg.pt\/es\/wp-json\/wp\/v2\/product"}],"about":[{"href":"https:\/\/dev1e24jormax.devdg.pt\/es\/wp-json\/wp\/v2\/types\/product"}],"wp:featuredmedia":[{"embeddable":true,"href":"https:\/\/dev1e24jormax.devdg.pt\/es\/wp-json\/wp\/v2\/media\/3395"}],"wp:attachment":[{"href":"https:\/\/dev1e24jormax.devdg.pt\/es\/wp-json\/wp\/v2\/media?parent=3394"}],"wp:term":[{"taxonomy":"product_brand","embeddable":true,"href":"https:\/\/dev1e24jormax.devdg.pt\/es\/wp-json\/wp\/v2\/product_brand?post=3394"},{"taxonomy":"product_cat","embeddable":true,"href":"https:\/\/dev1e24jormax.devdg.pt\/es\/wp-json\/wp\/v2\/product_cat?post=3394"},{"taxonomy":"product_tag","embeddable":true,"href":"https:\/\/dev1e24jormax.devdg.pt\/es\/wp-json\/wp\/v2\/product_tag?post=3394"}],"curies":[{"name":"wp","href":"https:\/\/api.w.org\/{rel}","templated":true}]}}