{"id":3340,"date":"2019-10-21T11:17:40","date_gmt":"2019-10-21T09:17:40","guid":{"rendered":"https:\/\/dev1e24jormax.devdg.pt\/product\/palco-2-subidas\/"},"modified":"2025-07-18T17:39:31","modified_gmt":"2025-07-18T15:39:31","slug":"palco-2-subidas","status":"publish","type":"product","link":"https:\/\/dev1e24jormax.devdg.pt\/es\/producto\/palco-2-subidas\/","title":{"rendered":"PALCO 2 SUBIDAS"},"content":{"rendered":"","protected":false},"excerpt":{"rendered":"<p><strong>Plateforme d&rsquo;entrep\u00f4t \u00e0 double sens.<\/strong><\/p>\n<p>\u00a0<\/p>\n<p>Construit en aluminium extrud\u00e9 avec une large plateforme de travail, une plinthe et un garde-corps de protection de 1 m de hauteur. La rampe de mont\u00e9e est large et confortable, une inclinaison de 55\u00b0 avec des marches antid\u00e9rapants de 20 cm de profondeur et une distance de marches de 23 cm. Pour \u00e9viter des co\u00fbts de transport excessifs, la plateforme est livr\u00e9e d\u00e9mont\u00e9e, en suivant ensemble un manuel d\u2019instructions de montage. Le c\u00f4t\u00e9 est presque perpendiculaire au sol afin de permettre \u00e0 l&rsquo;utilisateur un acc\u00e8s tr\u00e8s proche au mur ou \u00e0 la machine. Le syst\u00e8me de freinage est automatique et s\u2019active lorsque le plateforme est en cours d\u2019utilisation, c\u2019est- \u00e0-dire avec la personne se trouvant en haut de la plateforme, et se d\u00e9sactive lorsque l\u2019utilisateur quitte de la plateforme. La plateforme peut \u00eatre facilement transport\u00e9e sur le lieu de travail gr\u00e2ce aux roues.<\/p>\n<p>\u00a0<\/p>\n<p><img decoding=\"async\" class=\"selos-produto\" src=\"http:\/\/dev2jormax.devdg.pt\/wp-content\/uploads\/2019\/10\/europa.jpg\" alt=\"NOME DOS SELOS (SUBSTITUIR)\" \/> <img decoding=\"async\" class=\"selos-produto\" src=\"http:\/\/dev2jormax.devdg.pt\/wp-content\/uploads\/2019\/11\/decret-50-2005.jpg\" alt=\"NOME DOS SELOS (SUBSTITUIR)\" \/> <img decoding=\"async\" class=\"selos-produto\" src=\"http:\/\/dev2jormax.devdg.pt\/wp-content\/uploads\/2019\/11\/norme-131-7.jpg\" alt=\"NOME DOS SELOS (SUBSTITUIR)\" \/> <img decoding=\"async\" class=\"selos-produto\" src=\"http:\/\/dev2jormax.devdg.pt\/wp-content\/uploads\/2019\/11\/garantie-5.jpg\" alt=\"NOME DOS SELOS (SUBSTITUIR)\" \/> <img decoding=\"async\" class=\"selos-produto\" src=\"http:\/\/dev2jormax.devdg.pt\/wp-content\/uploads\/2019\/11\/usage-professionnel.jpg\" alt=\"NOME DOS SELOS (SUBSTITUIR)\" \/> <img decoding=\"async\" class=\"selos-produto\" src=\"http:\/\/dev2jormax.devdg.pt\/wp-content\/uploads\/2019\/10\/peso-150.jpg\" alt=\"NOME DOS SELOS (SUBSTITUIR)\" \/><\/p>\n<p>\u00a0<\/p>","protected":false},"featured_media":3341,"template":"","meta":{"_acf_changed":false},"product_brand":[],"product_cat":[112,97],"product_tag":[],"class_list":{"0":"post-3340","1":"product","2":"type-product","3":"status-publish","4":"has-post-thumbnail","6":"product_cat-plate-forme-a-2-voies","7":"product_cat-plates-formes","9":"first","10":"instock","11":"taxable","12":"shipping-taxable","13":"purchasable","14":"product-type-variable"},"acf":[],"_links":{"self":[{"href":"https:\/\/dev1e24jormax.devdg.pt\/es\/wp-json\/wp\/v2\/product\/3340","targetHints":{"allow":["GET"]}}],"collection":[{"href":"https:\/\/dev1e24jormax.devdg.pt\/es\/wp-json\/wp\/v2\/product"}],"about":[{"href":"https:\/\/dev1e24jormax.devdg.pt\/es\/wp-json\/wp\/v2\/types\/product"}],"wp:featuredmedia":[{"embeddable":true,"href":"https:\/\/dev1e24jormax.devdg.pt\/es\/wp-json\/wp\/v2\/media\/3341"}],"wp:attachment":[{"href":"https:\/\/dev1e24jormax.devdg.pt\/es\/wp-json\/wp\/v2\/media?parent=3340"}],"wp:term":[{"taxonomy":"product_brand","embeddable":true,"href":"https:\/\/dev1e24jormax.devdg.pt\/es\/wp-json\/wp\/v2\/product_brand?post=3340"},{"taxonomy":"product_cat","embeddable":true,"href":"https:\/\/dev1e24jormax.devdg.pt\/es\/wp-json\/wp\/v2\/product_cat?post=3340"},{"taxonomy":"product_tag","embeddable":true,"href":"https:\/\/dev1e24jormax.devdg.pt\/es\/wp-json\/wp\/v2\/product_tag?post=3340"}],"curies":[{"name":"wp","href":"https:\/\/api.w.org\/{rel}","templated":true}]}}