{"id":3283,"date":"2019-10-21T09:09:06","date_gmt":"2019-10-21T07:09:06","guid":{"rendered":"https:\/\/dev1e24jormax.devdg.pt\/product\/platus\/"},"modified":"2025-07-18T17:39:30","modified_gmt":"2025-07-18T15:39:30","slug":"platus","status":"publish","type":"product","link":"https:\/\/dev1e24jormax.devdg.pt\/es\/producto\/platus\/","title":{"rendered":"PLATUS"},"content":{"rendered":"<p style=\"background: #FB383B; color: white; font-family: Exo !important; text-align: center;\"><strong> PLATUS 60 DIMENSION PLATFORM (Larg.xProf.) 60&#215;40 cm<br \/>\n<\/strong><\/p>\n<p style=\"background: #FB383B; color: white; font-family: Exo !important; text-align: center;\"><strong> PLATUS 80 DIMENSION PLATFORM (Larg.xProf.) 80&#215;40 cm <\/strong><\/p>\n<p style=\"background: #FB383B; color: white; font-family: Exo !important; text-align: center;\"><strong> PLATUS 100 DIMENSION PLATFORM (Larg.xProf.) 100&#215;40 cm <\/strong><\/p>","protected":false},"excerpt":{"rendered":"<p><strong>S\u00e9rie de plateformes professionnelles pour l&rsquo;acc\u00e8s et la maintenance des v\u00e9hicules, des sols sur\u00e9lev\u00e9s et des machines. \u00c9quipement professionnel tr\u00e8s r\u00e9sistant.<\/strong><\/p>\n<p>\u00a0<\/p>\n<p>Con\u00e7u et robuste pour un usage intensif. Construit en aluminium extrud\u00e9 et soudage TIG. L\u2019op\u00e9rateur peut choisir la largeur, la hauteur et les paliers en fonction des besoins d\u2019acc\u00e8s. Les marches de 20 cm de profondeur sont confortables et spacieuses. La rampe jusqu&rsquo;\u00e0 45\u00b0 peut \u00eatre \u00e9quip\u00e9e sur demande d&rsquo;une rampe ou deux main courantes lat\u00e9raux \u00e0 un ou deux c\u00f4t\u00e9s. L&rsquo;op\u00e9rateur peut lever les \u00ab\u00a0mains libres\u00a0\u00bb et descend \u00e9galement de l&rsquo;avant vers le sol.<\/p>\n<p>\u00a0<\/p>\n<p><img decoding=\"async\" class=\"selos-produto\" src=\"http:\/\/dev2jormax.devdg.pt\/wp-content\/uploads\/2019\/10\/europa.jpg\" alt=\"NOME DOS SELOS (SUBSTITUIR)\" \/> <img decoding=\"async\" class=\"selos-produto\" src=\"http:\/\/dev2jormax.devdg.pt\/wp-content\/uploads\/2019\/11\/decret-50-2005.jpg\" alt=\"NOME DOS SELOS (SUBSTITUIR)\" \/> <img decoding=\"async\" class=\"selos-produto\" src=\"http:\/\/dev2jormax.devdg.pt\/wp-content\/uploads\/2019\/11\/norme-14183.jpg\" alt=\"NOME DOS SELOS (SUBSTITUIR)\" \/> <img decoding=\"async\" class=\"selos-produto\" src=\"http:\/\/dev2jormax.devdg.pt\/wp-content\/uploads\/2019\/11\/garantie-5.jpg\" alt=\"NOME DOS SELOS (SUBSTITUIR)\" \/> <img decoding=\"async\" class=\"selos-produto\" src=\"http:\/\/dev2jormax.devdg.pt\/wp-content\/uploads\/2019\/11\/usage-professionnel.jpg\" alt=\"NOME DOS SELOS (SUBSTITUIR)\" \/> <img decoding=\"async\" class=\"selos-produto\" src=\"http:\/\/dev2jormax.devdg.pt\/wp-content\/uploads\/2019\/10\/peso-150.jpg\" alt=\"NOME DOS SELOS (SUBSTITUIR)\" \/><\/p>\n<p>\u00a0<\/p>","protected":false},"featured_media":3284,"template":"","meta":{"_acf_changed":false},"product_brand":[],"product_cat":[109,97],"product_tag":[],"class_list":{"0":"post-3283","1":"product","2":"type-product","3":"status-publish","4":"has-post-thumbnail","6":"product_cat-plate-forme-a-1-voies","7":"product_cat-plates-formes","9":"first","10":"instock","11":"taxable","12":"shipping-taxable","13":"purchasable","14":"product-type-variable"},"acf":[],"_links":{"self":[{"href":"https:\/\/dev1e24jormax.devdg.pt\/es\/wp-json\/wp\/v2\/product\/3283","targetHints":{"allow":["GET"]}}],"collection":[{"href":"https:\/\/dev1e24jormax.devdg.pt\/es\/wp-json\/wp\/v2\/product"}],"about":[{"href":"https:\/\/dev1e24jormax.devdg.pt\/es\/wp-json\/wp\/v2\/types\/product"}],"wp:featuredmedia":[{"embeddable":true,"href":"https:\/\/dev1e24jormax.devdg.pt\/es\/wp-json\/wp\/v2\/media\/3284"}],"wp:attachment":[{"href":"https:\/\/dev1e24jormax.devdg.pt\/es\/wp-json\/wp\/v2\/media?parent=3283"}],"wp:term":[{"taxonomy":"product_brand","embeddable":true,"href":"https:\/\/dev1e24jormax.devdg.pt\/es\/wp-json\/wp\/v2\/product_brand?post=3283"},{"taxonomy":"product_cat","embeddable":true,"href":"https:\/\/dev1e24jormax.devdg.pt\/es\/wp-json\/wp\/v2\/product_cat?post=3283"},{"taxonomy":"product_tag","embeddable":true,"href":"https:\/\/dev1e24jormax.devdg.pt\/es\/wp-json\/wp\/v2\/product_tag?post=3283"}],"curies":[{"name":"wp","href":"https:\/\/api.w.org\/{rel}","templated":true}]}}