{"id":3276,"date":"2019-10-22T10:04:24","date_gmt":"2019-10-22T08:04:24","guid":{"rendered":"https:\/\/dev1e24jormax.devdg.pt\/product\/escada-acesso-com-plataforma-45o\/"},"modified":"2025-07-18T17:39:49","modified_gmt":"2025-07-18T15:39:49","slug":"escada-acesso-com-plataforma-45o","status":"publish","type":"product","link":"https:\/\/dev1e24jormax.devdg.pt\/es\/producto\/escada-acesso-com-plataforma-45o\/","title":{"rendered":"ESCADA ACESSO COM PLATAFORMA 45\u00ba"},"content":{"rendered":"","protected":false},"excerpt":{"rendered":"<p><strong>45\u00b0 avec une mont\u00e9e tr\u00e8s confortable.<\/strong><\/p>\n<p>\u00a0<\/p>\n<p>\u00c9chelle suppl\u00e9mentaire avec une mont\u00e9e tr\u00e8s confortable. Construit en aluminium extrud\u00e9 c\u00f4tel\u00e9, avec large plateforme de repos, main courante de protection d&rsquo;une hauteur de 110 cm. La rampe est large et confortable et pr\u00e9sente une inclinaison de 45\u00b0 pour une mont\u00e9e vraiment confortable, \u00e9galement garantie par de marches antid\u00e9rapants, une profondeur de 24 cm et une distance au sol de 20 cm les unes des autres. Pour \u00e9viter les probl\u00e8mes et les co\u00fbts de transport \u00e9lev\u00e9s, l&rsquo;\u00e9chelle est livr\u00e9e d\u00e9mont\u00e9e et peut \u00eatre facilement assembl\u00e9e gr\u00e2ce au manuel d&rsquo;instructions d\u00e9taill\u00e9. La largeur de l&rsquo;\u00e9chelle peut \u00eatre de 60, 80 et 100 cm. Les supports muraux sont obligatoires, mais sont exclus de l&rsquo;\u00e9quipement et du prix.<br \/>\nL&rsquo;\u00e9chelle est fabriqu\u00e9e selon la norme europ\u00e9enne EN 14122.<br \/>\n<strong>Mesures sp\u00e9ciales sur demande.<\/strong><\/p>\n<p>\u00a0<\/p>\n<p><img decoding=\"async\" class=\"selos-produto\" src=\"http:\/\/dev2jormax.devdg.pt\/wp-content\/uploads\/2019\/10\/europa.jpg\" alt=\"NOME DOS SELOS (SUBSTITUIR)\" \/> <img decoding=\"async\" class=\"selos-produto\" src=\"http:\/\/dev2jormax.devdg.pt\/wp-content\/uploads\/2019\/11\/decret-50-2005.jpg\" alt=\"NOME DOS SELOS (SUBSTITUIR)\" \/> <img decoding=\"async\" class=\"selos-produto\" src=\"http:\/\/dev2jormax.devdg.pt\/wp-content\/uploads\/2019\/11\/norme-14122.jpg\" alt=\"NOME DOS SELOS (SUBSTITUIR)\" \/> <img decoding=\"async\" class=\"selos-produto\" src=\"http:\/\/dev2jormax.devdg.pt\/wp-content\/uploads\/2019\/11\/garantie-5.jpg\" alt=\"NOME DOS SELOS (SUBSTITUIR)\" \/> <img decoding=\"async\" class=\"selos-produto\" src=\"http:\/\/dev2jormax.devdg.pt\/wp-content\/uploads\/2019\/11\/usage-professionnel.jpg\" alt=\"NOME DOS SELOS (SUBSTITUIR)\" \/> <img decoding=\"async\" class=\"selos-produto\" src=\"http:\/\/dev2jormax.devdg.pt\/wp-content\/uploads\/2019\/10\/peso-200.jpg\" alt=\"NOME DOS SELOS (SUBSTITUIR)\" \/><\/p>\n<p>\u00a0<\/p>","protected":false},"featured_media":3277,"template":"","meta":{"_acf_changed":false},"product_brand":[],"product_cat":[91,111],"product_tag":[],"class_list":{"0":"post-3276","1":"product","2":"type-product","3":"status-publish","4":"has-post-thumbnail","6":"product_cat-echelles","7":"product_cat-echelles-dacces","9":"first","10":"instock","11":"taxable","12":"shipping-taxable","13":"purchasable","14":"product-type-variable"},"acf":[],"_links":{"self":[{"href":"https:\/\/dev1e24jormax.devdg.pt\/es\/wp-json\/wp\/v2\/product\/3276","targetHints":{"allow":["GET"]}}],"collection":[{"href":"https:\/\/dev1e24jormax.devdg.pt\/es\/wp-json\/wp\/v2\/product"}],"about":[{"href":"https:\/\/dev1e24jormax.devdg.pt\/es\/wp-json\/wp\/v2\/types\/product"}],"wp:featuredmedia":[{"embeddable":true,"href":"https:\/\/dev1e24jormax.devdg.pt\/es\/wp-json\/wp\/v2\/media\/3277"}],"wp:attachment":[{"href":"https:\/\/dev1e24jormax.devdg.pt\/es\/wp-json\/wp\/v2\/media?parent=3276"}],"wp:term":[{"taxonomy":"product_brand","embeddable":true,"href":"https:\/\/dev1e24jormax.devdg.pt\/es\/wp-json\/wp\/v2\/product_brand?post=3276"},{"taxonomy":"product_cat","embeddable":true,"href":"https:\/\/dev1e24jormax.devdg.pt\/es\/wp-json\/wp\/v2\/product_cat?post=3276"},{"taxonomy":"product_tag","embeddable":true,"href":"https:\/\/dev1e24jormax.devdg.pt\/es\/wp-json\/wp\/v2\/product_tag?post=3276"}],"curies":[{"name":"wp","href":"https:\/\/api.w.org\/{rel}","templated":true}]}}