{"id":3272,"date":"2019-10-18T15:56:15","date_gmt":"2019-10-18T13:56:15","guid":{"rendered":"https:\/\/dev1e24jormax.devdg.pt\/product\/palco-extra\/"},"modified":"2025-07-18T17:39:31","modified_gmt":"2025-07-18T15:39:31","slug":"palco-extra","status":"publish","type":"product","link":"https:\/\/dev1e24jormax.devdg.pt\/es\/producto\/palco-extra\/","title":{"rendered":"PALCO EXTRA"},"content":{"rendered":"<p style=\"background: #FB383B; color: white; font-family: Exo !important; text-align: center;\"><strong> PALCO EXTRA <\/strong><\/p>\n<p style=\"background: #FB383B; color: white; font-family: Exo !important; text-align: center;\"><strong> LARGEUR 600 mm <\/strong><\/p>\n<p style=\"background: #FB383B; color: white; font-family: Exo !important; text-align: center;\"><strong> LARGEUR 800 mm <\/strong><\/p>\n<p style=\"background: #FB383B; color: white; font-family: Exo !important; text-align: center;\"><strong> LARGEUR 1000 mm <\/strong><\/p>","protected":false},"excerpt":{"rendered":"<p><strong>Plateforme fixe avec 2 roues de mouvement et avec poign\u00e9es.<br \/>\n<\/strong><\/p>\n<p>\u00a0<\/p>\n<p>Construite en aluminium extrud\u00e9 avec une qualit\u00e9 robuste et durable, la rampe est large et confortable, a une inclinaison de 48\u00b0 avec des marches antid\u00e9rapants de 200 mm de profondeur et une distance de 200 mm entre de marches. Pour \u00e9viter des co\u00fbts de transport excessifs, l\u2019\u00e9chelle est commercialis\u00e9e d\u00e9mont\u00e9e selon un manuel d\u2019installation.<br \/>\nL&rsquo;arri\u00e8re est perpendiculaire au sol afin de permettre \u00e0 l&rsquo;utilisateur un acc\u00e8s tr\u00e8s proche au mur ou aux machines.<br \/>\nId\u00e9al pour l&rsquo;acc\u00e8s aux camions, l&rsquo;acc\u00e8s aux machines, l&rsquo;acc\u00e8s aux \u00e9quipements industriels.<\/p>\n<p>\u00a0<\/p>\n<p><img decoding=\"async\" class=\"selos-produto\" src=\"http:\/\/dev2jormax.devdg.pt\/wp-content\/uploads\/2019\/10\/europa.jpg\" alt=\"NOME DOS SELOS (SUBSTITUIR)\" \/> <img decoding=\"async\" class=\"selos-produto\" src=\"http:\/\/dev2jormax.devdg.pt\/wp-content\/uploads\/2019\/11\/decret-50-2005.jpg\" alt=\"NOME DOS SELOS (SUBSTITUIR)\" \/> <img decoding=\"async\" class=\"selos-produto\" src=\" http:\/\/dev2jormax.devdg.pt\/wp-content\/uploads\/2019\/11\/norme-14183.jpg\" alt=\"NOME DOS SELOS (SUBSTITUIR)\" \/> <img decoding=\"async\" class=\"selos-produto\" src=\"http:\/\/dev2jormax.devdg.pt\/wp-content\/uploads\/2019\/11\/garantie-5.jpg\" alt=\"NOME DOS SELOS (SUBSTITUIR)\" \/> <img decoding=\"async\" class=\"selos-produto\" src=\"http:\/\/dev2jormax.devdg.pt\/wp-content\/uploads\/2019\/11\/usage-professionnel.jpg\" alt=\"NOME DOS SELOS (SUBSTITUIR)\" \/> <img decoding=\"async\" class=\"selos-produto\" src=\"http:\/\/dev2jormax.devdg.pt\/wp-content\/uploads\/2019\/10\/peso-200.jpg\" alt=\"NOME DOS SELOS (SUBSTITUIR)\" \/><\/p>\n<p>\u00a0<\/p>","protected":false},"featured_media":3273,"template":"","meta":{"_acf_changed":false},"product_brand":[],"product_cat":[109,97],"product_tag":[],"class_list":{"0":"post-3272","1":"product","2":"type-product","3":"status-publish","4":"has-post-thumbnail","6":"product_cat-plate-forme-a-1-voies","7":"product_cat-plates-formes","9":"first","10":"instock","11":"taxable","12":"shipping-taxable","13":"purchasable","14":"product-type-variable"},"acf":[],"_links":{"self":[{"href":"https:\/\/dev1e24jormax.devdg.pt\/es\/wp-json\/wp\/v2\/product\/3272","targetHints":{"allow":["GET"]}}],"collection":[{"href":"https:\/\/dev1e24jormax.devdg.pt\/es\/wp-json\/wp\/v2\/product"}],"about":[{"href":"https:\/\/dev1e24jormax.devdg.pt\/es\/wp-json\/wp\/v2\/types\/product"}],"wp:featuredmedia":[{"embeddable":true,"href":"https:\/\/dev1e24jormax.devdg.pt\/es\/wp-json\/wp\/v2\/media\/3273"}],"wp:attachment":[{"href":"https:\/\/dev1e24jormax.devdg.pt\/es\/wp-json\/wp\/v2\/media?parent=3272"}],"wp:term":[{"taxonomy":"product_brand","embeddable":true,"href":"https:\/\/dev1e24jormax.devdg.pt\/es\/wp-json\/wp\/v2\/product_brand?post=3272"},{"taxonomy":"product_cat","embeddable":true,"href":"https:\/\/dev1e24jormax.devdg.pt\/es\/wp-json\/wp\/v2\/product_cat?post=3272"},{"taxonomy":"product_tag","embeddable":true,"href":"https:\/\/dev1e24jormax.devdg.pt\/es\/wp-json\/wp\/v2\/product_tag?post=3272"}],"curies":[{"name":"wp","href":"https:\/\/api.w.org\/{rel}","templated":true}]}}