{"id":3213,"date":"2019-10-25T08:56:05","date_gmt":"2019-10-25T06:56:05","guid":{"rendered":"https:\/\/dev1e24jormax.devdg.pt\/product\/rampas-rlp-dobravel\/"},"modified":"2025-07-18T17:39:37","modified_gmt":"2025-07-18T15:39:37","slug":"rampas-rlp-dobravel","status":"publish","type":"product","link":"https:\/\/dev1e24jormax.devdg.pt\/es\/producto\/rampas-rlp-dobravel\/","title":{"rendered":"RAMPAS RLP DOBR\u00c1VEL"},"content":{"rendered":"<p style=\"text-align: center;\"><span style=\"text-align: center; background-color: #ededed; color: black; max-width: 100%; padding: 10px;\">CAPACIT\u00c9<\/span><\/p>","protected":false},"excerpt":{"rendered":"<p><strong>Rampe pliante en aluminium.<\/strong><\/p>\n<p>\u00a0<\/p>\n<p>Fabriqu\u00e9 en aluminium, il s\u2019agit d\u2019une rampe de chargement des v\u00e9hicules tr\u00e8s l\u00e9g\u00e8re et maniable. Se plie gr\u00e2ce \u00e0 sa charni\u00e8re centrale facilitant le transport et le stockage. Surface perfor\u00e9e. La largeur de la rampe est de 200 mm et comporte plusieurs mesures de longueur et de capacit\u00e9s diff\u00e9rentes. Id\u00e9al pour les motos, les motos4, les petits tracteurs, les machines de construction et de nettoyage.<\/p>\n<p>\u00a0<\/p>\n<p><img decoding=\"async\" class=\"selos-produto\" src=\"http:\/\/dev2jormax.devdg.pt\/wp-content\/uploads\/2019\/10\/europa.jpg\" alt=\"NOME DOS SELOS (SUBSTITUIR)\" \/> <img decoding=\"async\" class=\"selos-produto\" src=\"http:\/\/dev2jormax.devdg.pt\/wp-content\/uploads\/2019\/11\/decret-50-2005.jpg\" alt=\"NOME DOS SELOS (SUBSTITUIR)\" \/> <img decoding=\"async\" class=\"selos-produto\" src=\"http:\/\/dev2jormax.devdg.pt\/wp-content\/uploads\/2019\/11\/garantie-5.jpg\" alt=\"NOME DOS SELOS (SUBSTITUIR)\" \/><\/p>\n<p>\u00a0<\/p>","protected":false},"featured_media":3214,"template":"","meta":{"_acf_changed":false},"product_brand":[],"product_cat":[107,108],"product_tag":[],"class_list":{"0":"post-3213","1":"product","2":"type-product","3":"status-publish","4":"has-post-thumbnail","6":"product_cat-autres","7":"product_cat-rampes","9":"first","10":"instock","11":"taxable","12":"shipping-taxable","13":"purchasable","14":"product-type-variable"},"acf":[],"_links":{"self":[{"href":"https:\/\/dev1e24jormax.devdg.pt\/es\/wp-json\/wp\/v2\/product\/3213","targetHints":{"allow":["GET"]}}],"collection":[{"href":"https:\/\/dev1e24jormax.devdg.pt\/es\/wp-json\/wp\/v2\/product"}],"about":[{"href":"https:\/\/dev1e24jormax.devdg.pt\/es\/wp-json\/wp\/v2\/types\/product"}],"wp:featuredmedia":[{"embeddable":true,"href":"https:\/\/dev1e24jormax.devdg.pt\/es\/wp-json\/wp\/v2\/media\/3214"}],"wp:attachment":[{"href":"https:\/\/dev1e24jormax.devdg.pt\/es\/wp-json\/wp\/v2\/media?parent=3213"}],"wp:term":[{"taxonomy":"product_brand","embeddable":true,"href":"https:\/\/dev1e24jormax.devdg.pt\/es\/wp-json\/wp\/v2\/product_brand?post=3213"},{"taxonomy":"product_cat","embeddable":true,"href":"https:\/\/dev1e24jormax.devdg.pt\/es\/wp-json\/wp\/v2\/product_cat?post=3213"},{"taxonomy":"product_tag","embeddable":true,"href":"https:\/\/dev1e24jormax.devdg.pt\/es\/wp-json\/wp\/v2\/product_tag?post=3213"}],"curies":[{"name":"wp","href":"https:\/\/api.w.org\/{rel}","templated":true}]}}