{"id":3209,"date":"2019-10-24T16:44:21","date_gmt":"2019-10-24T14:44:21","guid":{"rendered":"https:\/\/dev1e24jormax.devdg.pt\/product\/rampas-de-carga\/"},"modified":"2025-07-18T17:42:27","modified_gmt":"2025-07-18T15:42:27","slug":"rampas-de-carga","status":"publish","type":"product","link":"https:\/\/dev1e24jormax.devdg.pt\/es\/producto\/rampas-de-carga\/","title":{"rendered":"RAMPAS DE CARGA"},"content":{"rendered":"<p style=\"font-size: 12px;\">Les rampes sb * sont sans fronti\u00e8res. Les rampes en aluminium sont fabriqu\u00e9es sur commande. Prix par rampe.<\/p>","protected":false},"excerpt":{"rendered":"<p><strong>Rampe en aluminium de 1,80 \u00e0 4,60 m.<\/strong><\/p>\n<p>\u00a0<\/p>\n<p>Construit en aluminium extrud\u00e9 de tr\u00e8s haute r\u00e9sistance m\u00e9canique. Ils peuvent transporter des charges allant jusqu&rsquo;\u00e0 9320 kg. Id\u00e9al pour le chargement des plateformes a\u00e9riennes et autres machines. \u00c9quip\u00e9 de supports d&rsquo;amarrage pour les v\u00e9hicules. Il n&rsquo;est pas conseill\u00e9 pour les v\u00e9hicules \u00e9quip\u00e9s de roues \u00e0 chenilles en acier. En cas de besoin d&rsquo;utilisation, contactez l&rsquo;usine pour une application optionnelle. Produit construit conform\u00e9ment aux exigences de s\u00e9curit\u00e9, prouv\u00e9 par des ing\u00e9nieurs agr\u00e9\u00e9s. La capacit\u00e9 de charge est par rampe au pair et la distance minimale entre les roues de la machine est de 1,40 m, sauf pour les mod\u00e8les AL, BL, CL, DL qui doivent faire au moins 1 m. Plusieurs mod\u00e8les n&rsquo;ont pas le bord pour permettre l&rsquo;ascension aux v\u00e9hicules avec une distance limit\u00e9e au sol.<\/p>\n<p>\u00a0<\/p>\n<p><img decoding=\"async\" class=\"selos-produto\" src=\"http:\/\/dev2jormax.devdg.pt\/wp-content\/uploads\/2019\/10\/europa.jpg\" alt=\"NOME DOS SELOS (SUBSTITUIR)\" \/> <img decoding=\"async\" class=\"selos-produto\" src=\"http:\/\/dev2jormax.devdg.pt\/wp-content\/uploads\/2019\/11\/decret-50-2005.jpg\" alt=\"NOME DOS SELOS (SUBSTITUIR)\" \/> <img decoding=\"async\" class=\"selos-produto\" src=\"http:\/\/dev2jormax.devdg.pt\/wp-content\/uploads\/2019\/10\/norma-UN-EN.jpg\" alt=\"NOME DOS SELOS (SUBSTITUIR)\" \/> <img decoding=\"async\" class=\"selos-produto\" src=\"http:\/\/dev2jormax.devdg.pt\/wp-content\/uploads\/2019\/11\/garantie-5.jpg\" alt=\"NOME DOS SELOS (SUBSTITUIR)\" \/> <img decoding=\"async\" class=\"selos-produto\" src=\"http:\/\/dev2jormax.devdg.pt\/wp-content\/uploads\/2019\/11\/usage-professionnel.jpg\" alt=\"NOME DOS SELOS (SUBSTITUIR)\" \/><\/p>\n<p>\u00a0<\/p>","protected":false},"featured_media":3210,"template":"","meta":{"_acf_changed":false},"product_brand":[],"product_cat":[107,108],"product_tag":[],"class_list":{"0":"post-3209","1":"product","2":"type-product","3":"status-publish","4":"has-post-thumbnail","6":"product_cat-autres","7":"product_cat-rampes","9":"first","10":"instock","11":"taxable","12":"shipping-taxable","13":"purchasable","14":"product-type-variable"},"acf":[],"_links":{"self":[{"href":"https:\/\/dev1e24jormax.devdg.pt\/es\/wp-json\/wp\/v2\/product\/3209","targetHints":{"allow":["GET"]}}],"collection":[{"href":"https:\/\/dev1e24jormax.devdg.pt\/es\/wp-json\/wp\/v2\/product"}],"about":[{"href":"https:\/\/dev1e24jormax.devdg.pt\/es\/wp-json\/wp\/v2\/types\/product"}],"wp:featuredmedia":[{"embeddable":true,"href":"https:\/\/dev1e24jormax.devdg.pt\/es\/wp-json\/wp\/v2\/media\/3210"}],"wp:attachment":[{"href":"https:\/\/dev1e24jormax.devdg.pt\/es\/wp-json\/wp\/v2\/media?parent=3209"}],"wp:term":[{"taxonomy":"product_brand","embeddable":true,"href":"https:\/\/dev1e24jormax.devdg.pt\/es\/wp-json\/wp\/v2\/product_brand?post=3209"},{"taxonomy":"product_cat","embeddable":true,"href":"https:\/\/dev1e24jormax.devdg.pt\/es\/wp-json\/wp\/v2\/product_cat?post=3209"},{"taxonomy":"product_tag","embeddable":true,"href":"https:\/\/dev1e24jormax.devdg.pt\/es\/wp-json\/wp\/v2\/product_tag?post=3209"}],"curies":[{"name":"wp","href":"https:\/\/api.w.org\/{rel}","templated":true}]}}