{"id":3156,"date":"2019-10-24T15:34:17","date_gmt":"2019-10-24T13:34:17","guid":{"rendered":"https:\/\/dev1e24jormax.devdg.pt\/product\/guardas-modulares\/"},"modified":"2025-07-17T21:32:39","modified_gmt":"2025-07-17T19:32:39","slug":"guardas-modulares","status":"publish","type":"product","link":"https:\/\/dev1e24jormax.devdg.pt\/es\/producto\/guardas-modulares\/","title":{"rendered":"PROTECTORES MODULARES"},"content":{"rendered":"<p><br data-mce-bogus=\"1\"><\/p>","protected":false},"excerpt":{"rendered":"<p><strong>Con\u00e7u et fabriqu\u00e9 uniquement pour la protection et la s\u00e9curit\u00e9<br \/>\ndes personnes au travail.<\/strong><\/p>\n<p>\u00a0<\/p>\n<p>Guardas modulares, personnalis\u00e9es, con\u00e7ues pour les toits et les machines de protection des bords. Ils sont extr\u00eamement l\u00e9gers et abordables et sont utilis\u00e9s pour former les p\u00e9rim\u00e8tres de protection n\u00e9cessaires. Facile \u00e0 assembler, esth\u00e9tique, construction robuste et rigide. Guardas modulares de classe A (pour les toits avec des pentes allant jusqu&rsquo;\u00e0 10\u00b0 ou 18\u00b0). Un montage rapide permet d&rsquo;obtenir une protection antirouille confortable et l\u00e9g\u00e8re. Le toit est fix\u00e9 par l&rsquo;utilisateur. Chaque module est \u00e9quip\u00e9 de joints pour cr\u00e9er une continuit\u00e9 sur tout le toit. Le garde peut \u00e9galement \u00eatre \u00e9quip\u00e9 de courbes. Les syst\u00e8mes de gardes r\u00e9sistent aux charges statiques.<\/p>\n<p>\u00a0<\/p>\n<p><img decoding=\"async\" class=\"selos-produto\" src=\"http:\/\/dev2jormax.devdg.pt\/wp-content\/uploads\/2019\/10\/europa.jpg\" alt=\"NOME DOS SELOS (SUBSTITUIR)\" \/> <img decoding=\"async\" class=\"selos-produto\" src=\"http:\/\/dev2jormax.devdg.pt\/wp-content\/uploads\/2019\/11\/decret-50-2005.jpg\" alt=\"NOME DOS SELOS (SUBSTITUIR)\" \/> <img decoding=\"async\" class=\"selos-produto\" src=\"http:\/\/dev2jormax.devdg.pt\/wp-content\/uploads\/2019\/11\/norme-13374.jpg\" alt=\"NOME DOS SELOS (SUBSTITUIR)\" \/> <img decoding=\"async\" class=\"selos-produto\" src=\"http:\/\/dev2jormax.devdg.pt\/wp-content\/uploads\/2019\/11\/norme-14122-3.jpg\" alt=\"NOME DOS SELOS (SUBSTITUIR)\" \/> <img decoding=\"async\" class=\"selos-produto\" src=\"http:\/\/dev2jormax.devdg.pt\/wp-content\/uploads\/2019\/11\/garantie-10.jpg\" alt=\"NOME DOS SELOS (SUBSTITUIR)\" \/> <img decoding=\"async\" class=\"selos-produto\" src=\"http:\/\/dev2jormax.devdg.pt\/wp-content\/uploads\/2019\/11\/usage-professionnel.jpg\" alt=\"NOME DOS SELOS (SUBSTITUIR)\" \/> <img decoding=\"async\" class=\"selos-produto\" src=\"http:\/\/dev2jormax.devdg.pt\/wp-content\/uploads\/2019\/10\/peso-150.jpg\" alt=\"NOME DOS SELOS (SUBSTITUIR)\" \/><\/p>\n<p>\u00a0<\/p>","protected":false},"featured_media":3157,"template":"","meta":{"_acf_changed":false},"product_brand":[],"product_cat":[106,79],"product_tag":[],"class_list":{"0":"post-3156","1":"product","2":"type-product","3":"status-publish","4":"has-post-thumbnail","6":"product_cat-gardes-connections-en-aluminium","7":"product_cat-non-classe","9":"first","10":"outofstock","11":"taxable","12":"shipping-taxable","13":"product-type-variable"},"acf":[],"_links":{"self":[{"href":"https:\/\/dev1e24jormax.devdg.pt\/es\/wp-json\/wp\/v2\/product\/3156","targetHints":{"allow":["GET"]}}],"collection":[{"href":"https:\/\/dev1e24jormax.devdg.pt\/es\/wp-json\/wp\/v2\/product"}],"about":[{"href":"https:\/\/dev1e24jormax.devdg.pt\/es\/wp-json\/wp\/v2\/types\/product"}],"wp:featuredmedia":[{"embeddable":true,"href":"https:\/\/dev1e24jormax.devdg.pt\/es\/wp-json\/wp\/v2\/media\/3157"}],"wp:attachment":[{"href":"https:\/\/dev1e24jormax.devdg.pt\/es\/wp-json\/wp\/v2\/media?parent=3156"}],"wp:term":[{"taxonomy":"product_brand","embeddable":true,"href":"https:\/\/dev1e24jormax.devdg.pt\/es\/wp-json\/wp\/v2\/product_brand?post=3156"},{"taxonomy":"product_cat","embeddable":true,"href":"https:\/\/dev1e24jormax.devdg.pt\/es\/wp-json\/wp\/v2\/product_cat?post=3156"},{"taxonomy":"product_tag","embeddable":true,"href":"https:\/\/dev1e24jormax.devdg.pt\/es\/wp-json\/wp\/v2\/product_tag?post=3156"}],"curies":[{"name":"wp","href":"https:\/\/api.w.org\/{rel}","templated":true}]}}