{"id":3132,"date":"2019-10-17T14:16:20","date_gmt":"2019-10-17T12:16:20","guid":{"rendered":"https:\/\/dev1e24jormax.devdg.pt\/product\/vertical-com-saida\/"},"modified":"2025-07-18T17:39:50","modified_gmt":"2025-07-18T15:39:50","slug":"vertical-com-saida","status":"publish","type":"product","link":"https:\/\/dev1e24jormax.devdg.pt\/es\/producto\/vertical-com-saida\/","title":{"rendered":"VERTICAL COM SA\u00cdDA"},"content":{"rendered":"","protected":false},"excerpt":{"rendered":"<p><strong>\u00c9chelle d&rsquo;acc\u00e8s en aluminium (1). <\/strong><\/p>\n<p>\u00a0<\/p>\n<p>\u00c9chelle pour acc\u00e9der aux \u00e9tages sup\u00e9rieurs ou inf\u00e9rieurs, est produite selon D\/Lgs. 50\/2005 et la norme EN 14122. Construites en aluminium extrud\u00e9, des marches sont cal\u00e9es sur les montants pour cr\u00e9er une structure ultra r\u00e9sistante. L&rsquo;\u00e9chelle a une extension de 1,10 m au-dessus de la base de la prise, ce qui aide l&rsquo;utilisateur \u00e0 monter et \u00e0 descendre. Les fixations murales en acier galvanis\u00e9 sont faciles \u00e0 poser et \u00e0 coller, cr\u00e9ant une structure solide et s\u00e9curis\u00e9e.<\/p>\n<p>\u00a0<\/p>\n<p style=\"font-size: 12px; line-height: 19px;\">(1) L&rsquo;utilisation de l&rsquo;\u00e9quipement d&rsquo;acc\u00e8s, ne remplace pas la formation ad\u00e9quate, la formation et l&rsquo;utilisation de l&rsquo;\u00e9quipement de s\u00e9curit\u00e9 pour effectuer le travail.<\/p>\n<p>\u00a0<\/p>\n<p><img decoding=\"async\" class=\"selos-produto\" src=\"http:\/\/dev2jormax.devdg.pt\/wp-content\/uploads\/2019\/10\/europa.jpg\" alt=\"NOME DOS SELOS (SUBSTITUIR)\" \/> <img decoding=\"async\" class=\"selos-produto\" src=\"http:\/\/dev2jormax.devdg.pt\/wp-content\/uploads\/2019\/11\/decret-50-2005.jpg\" alt=\"NOME DOS SELOS (SUBSTITUIR)\" \/> <img decoding=\"async\" class=\"selos-produto\" src=\"http:\/\/dev2jormax.devdg.pt\/wp-content\/uploads\/2019\/11\/norme-14122.jpg\" alt=\"NOME DOS SELOS (SUBSTITUIR)\" \/> <img decoding=\"async\" class=\"selos-produto\" src=\"http:\/\/dev2jormax.devdg.pt\/wp-content\/uploads\/2019\/11\/garantie-5.jpg\" alt=\"NOME DOS SELOS (SUBSTITUIR)\" \/> <img decoding=\"async\" class=\"selos-produto\" src=\"http:\/\/dev2jormax.devdg.pt\/wp-content\/uploads\/2019\/11\/usage-professionnel.jpg\" alt=\"NOME DOS SELOS (SUBSTITUIR)\" \/> <img decoding=\"async\" class=\"selos-produto\" src=\"http:\/\/dev2jormax.devdg.pt\/wp-content\/uploads\/2019\/10\/peso-150.jpg\" alt=\"NOME DOS SELOS (SUBSTITUIR)\" \/><\/p>\n<p>\u00a0<\/p>","protected":false},"featured_media":3133,"template":"","meta":{"_acf_changed":false},"product_brand":[],"product_cat":[91,105],"product_tag":[],"class_list":{"0":"post-3132","1":"product","2":"type-product","3":"status-publish","4":"has-post-thumbnail","6":"product_cat-echelles","7":"product_cat-echelles-dacces-verticaux","9":"first","10":"instock","11":"taxable","12":"shipping-taxable","13":"purchasable","14":"product-type-variable"},"acf":[],"_links":{"self":[{"href":"https:\/\/dev1e24jormax.devdg.pt\/es\/wp-json\/wp\/v2\/product\/3132","targetHints":{"allow":["GET"]}}],"collection":[{"href":"https:\/\/dev1e24jormax.devdg.pt\/es\/wp-json\/wp\/v2\/product"}],"about":[{"href":"https:\/\/dev1e24jormax.devdg.pt\/es\/wp-json\/wp\/v2\/types\/product"}],"wp:featuredmedia":[{"embeddable":true,"href":"https:\/\/dev1e24jormax.devdg.pt\/es\/wp-json\/wp\/v2\/media\/3133"}],"wp:attachment":[{"href":"https:\/\/dev1e24jormax.devdg.pt\/es\/wp-json\/wp\/v2\/media?parent=3132"}],"wp:term":[{"taxonomy":"product_brand","embeddable":true,"href":"https:\/\/dev1e24jormax.devdg.pt\/es\/wp-json\/wp\/v2\/product_brand?post=3132"},{"taxonomy":"product_cat","embeddable":true,"href":"https:\/\/dev1e24jormax.devdg.pt\/es\/wp-json\/wp\/v2\/product_cat?post=3132"},{"taxonomy":"product_tag","embeddable":true,"href":"https:\/\/dev1e24jormax.devdg.pt\/es\/wp-json\/wp\/v2\/product_tag?post=3132"}],"curies":[{"name":"wp","href":"https:\/\/api.w.org\/{rel}","templated":true}]}}