{"id":3117,"date":"2019-10-24T15:00:30","date_gmt":"2019-10-24T13:00:30","guid":{"rendered":"https:\/\/dev1e24jormax.devdg.pt\/product\/tempo-advanced\/"},"modified":"2025-07-18T17:42:29","modified_gmt":"2025-07-18T15:42:29","slug":"tempo-advanced","status":"publish","type":"product","link":"https:\/\/dev1e24jormax.devdg.pt\/es\/producto\/tempo-advanced\/","title":{"rendered":"TEMPO ADVANCED"},"content":{"rendered":"<p style=\"padding10px; background: #fb383b; color: white; text-align: center;\"><strong>TEMPO ADVANCED<br \/>\n<\/strong><\/p>","protected":false},"excerpt":{"rendered":"<p><strong>Advanced est une tour de fibre de verre enti\u00e8rement isol\u00e9e.<\/strong><\/p>\n<p>\u00a0<\/p>\n<p>Destin\u00e9 au march\u00e9 \u00e9lectrique et industriel. C&rsquo;est une tour en tube de fibre de verre de 50 et 80 mm de diam\u00e8tre isolant et tr\u00e8s r\u00e9sistant. Il est fabriqu\u00e9 avec une longueur de 2,40 m et dans deux mesures de largeur 0,85 et 1,45 m. Il s&rsquo;agit d&rsquo;une tour mobile standard \u00e0 4 roues avec frein et pieds de nivellement de 200 mm de diam\u00e8tre. Il est fabriqu\u00e9 avec trois tailles de jalons lat\u00e9raux de 2,00 &#8211; 1,50 et 1,00 m. Les plateformes de travail portent une couverture pour l&rsquo;acc\u00e8s int\u00e9rieur. Test\u00e9 \u00e0 1000 volts. Tempo Advanced est compos\u00e9 de quelques composants qui facilitent le transport et l\u2019assemblage (aucun outil requis). Ils peuvent \u00eatre utilis\u00e9s dans des configurations standard ou des structures personnalis\u00e9es. Id\u00e9al pour les travaux sous tension, produits chimiques et maintenance. Anticorrosif.<\/p>\n<p>\u00a0<\/p>\n<p><img decoding=\"async\" class=\"selos-produto\" src=\"http:\/\/dev2jormax.devdg.pt\/wp-content\/uploads\/2019\/10\/europa.jpg\" alt=\"NOME DOS SELOS (SUBSTITUIR)\" \/> <img decoding=\"async\" class=\"selos-produto\" src=\"http:\/\/dev2jormax.devdg.pt\/wp-content\/uploads\/2019\/11\/decret-50-2005.jpg\" alt=\"NOME DOS SELOS (SUBSTITUIR)\" \/> <img decoding=\"async\" class=\"selos-produto\" src=\"http:\/\/dev2jormax.devdg.pt\/wp-content\/uploads\/2019\/11\/norme-1004.jpg\" alt=\"NOME DOS SELOS (SUBSTITUIR)\" \/> <img decoding=\"async\" class=\"selos-produto\" src=\"http:\/\/dev2jormax.devdg.pt\/wp-content\/uploads\/2019\/11\/garantie-5.jpg\" alt=\"NOME DOS SELOS (SUBSTITUIR)\" \/> <img decoding=\"async\" class=\"selos-produto\" src=\"http:\/\/dev2jormax.devdg.pt\/wp-content\/uploads\/2019\/10\/norma-UN-EN.jpg\" alt=\"NOME DOS SELOS (SUBSTITUIR)\" \/> <img decoding=\"async\" class=\"selos-produto\" src=\"http:\/\/dev2jormax.devdg.pt\/wp-content\/uploads\/2019\/11\/usage-professionnel.jpg\" alt=\"NOME DOS SELOS (SUBSTITUIR)\" \/> <img decoding=\"async\" class=\"selos-produto\" src=\"http:\/\/dev2jormax.devdg.pt\/wp-content\/uploads\/2019\/10\/peso-200-m2.jpg\" alt=\"NOME DOS SELOS (SUBSTITUIR)\" \/><\/p>\n<p>\u00a0<\/p>","protected":false},"featured_media":3118,"template":"","meta":{"_acf_changed":false},"product_brand":[],"product_cat":[81,104],"product_tag":[],"class_list":{"0":"post-3117","1":"product","2":"type-product","3":"status-publish","4":"has-post-thumbnail","6":"product_cat-echafaudage","7":"product_cat-echafaudage-en-fibre-de-verre","9":"first","10":"instock","11":"taxable","12":"shipping-taxable","13":"purchasable","14":"product-type-variable"},"acf":[],"_links":{"self":[{"href":"https:\/\/dev1e24jormax.devdg.pt\/es\/wp-json\/wp\/v2\/product\/3117","targetHints":{"allow":["GET"]}}],"collection":[{"href":"https:\/\/dev1e24jormax.devdg.pt\/es\/wp-json\/wp\/v2\/product"}],"about":[{"href":"https:\/\/dev1e24jormax.devdg.pt\/es\/wp-json\/wp\/v2\/types\/product"}],"wp:featuredmedia":[{"embeddable":true,"href":"https:\/\/dev1e24jormax.devdg.pt\/es\/wp-json\/wp\/v2\/media\/3118"}],"wp:attachment":[{"href":"https:\/\/dev1e24jormax.devdg.pt\/es\/wp-json\/wp\/v2\/media?parent=3117"}],"wp:term":[{"taxonomy":"product_brand","embeddable":true,"href":"https:\/\/dev1e24jormax.devdg.pt\/es\/wp-json\/wp\/v2\/product_brand?post=3117"},{"taxonomy":"product_cat","embeddable":true,"href":"https:\/\/dev1e24jormax.devdg.pt\/es\/wp-json\/wp\/v2\/product_cat?post=3117"},{"taxonomy":"product_tag","embeddable":true,"href":"https:\/\/dev1e24jormax.devdg.pt\/es\/wp-json\/wp\/v2\/product_tag?post=3117"}],"curies":[{"name":"wp","href":"https:\/\/api.w.org\/{rel}","templated":true}]}}