{"id":3023,"date":"2019-10-24T08:13:35","date_gmt":"2019-10-24T06:13:35","guid":{"rendered":"https:\/\/dev1e24jormax.devdg.pt\/product\/vente-de-pieces-tempo-s-l\/"},"modified":"2025-07-18T17:42:29","modified_gmt":"2025-07-18T15:42:29","slug":"vente-de-pieces-tempo-s-l","status":"publish","type":"product","link":"https:\/\/dev1e24jormax.devdg.pt\/es\/producto\/vente-de-pieces-tempo-s-l\/","title":{"rendered":"VENTE DE PI\u00c8CES &#8211; TEMPO S &#038; L"},"content":{"rendered":"<p><center><img decoding=\"async\" src=\"https:\/\/dev1e24jormax.devdg.pt\/wp-content\/uploads\/2025\/07\/venda-pecas-tempo-s-FR-jormax-4.jpg\" alt=\"\" \/><\/center><\/p>\n<p style=\"background: #FB383B; color: white; font-family: Exo !important; text-align: center;\"><strong> TEMPO S JALONS<\/strong><\/p>\n<p><center><img decoding=\"async\" src=\"https:\/\/dev1e24jormax.devdg.pt\/wp-content\/uploads\/2025\/07\/venda-pecas-tempo-s-jormax-3.jpg\" alt=\"\" \/><\/center><\/p>\n<p style=\"background: #FB383B; color: white; font-family: Exo !important; text-align: center;\"><strong> RETRAITS <\/strong><\/p>\n<p><center><img decoding=\"async\" src=\"https:\/\/dev1e24jormax.devdg.pt\/wp-content\/uploads\/2025\/07\/venda-pecas-tempo-s-jormax-2.jpg\" alt=\"\" \/><\/center><\/p>\n<p style=\"background: #FB383B; color: white; font-family: Exo !important; text-align: center;\"><strong> R\u00c8GLEMENT DE PIED<br \/>\nT\u00c9LESCOPIQUE DEVENANT <\/strong><\/p>\n<p><center><img decoding=\"async\" src=\"https:\/\/dev1e24jormax.devdg.pt\/wp-content\/uploads\/2025\/07\/venda-pecas-tempo-s-jormax-1.jpg\" alt=\"\" \/><\/center><\/p>\n<p style=\"background: #FB383B; color: white; font-family: Exo !important; text-align: center;\"><strong> ROUE AVEC FREIN <\/strong><\/p>\n<p><center><img decoding=\"async\" src=\"https:\/\/dev1e24jormax.devdg.pt\/wp-content\/uploads\/2025\/07\/venda-pecas-tempo-s-jormax-5.jpg\" alt=\"\" \/><\/center><\/p>\n<p style=\"background: #FB383B; color: white; font-family: Exo !important; text-align: center;\"><strong> PLATEFORME <\/strong><\/p>\n<p><center><img decoding=\"async\" src=\"https:\/\/dev1e24jormax.devdg.pt\/wp-content\/uploads\/2025\/07\/venda-pecas-tempo-s-jormax-6.jpg\" alt=\"\" \/><\/center><\/p>\n<p style=\"background: #FB383B; color: white; font-family: Exo !important; text-align: center;\"><strong> TEMPO S STABILISATEUR <\/strong><\/p>\n<p style=\"background: #FB383B; color: white; font-family: Exo !important; text-align: center;\"><strong> \u00c9CHELLE INTERIEUR SIMPLE AVEC CROCHET <\/strong><\/p>","protected":false},"excerpt":{"rendered":"<p>TEMPO S JALONS RETRAITS R\u00c8GLEMENT DE PIED T\u00c9LESCOPIQUE DEVENANT ROUE AVEC FREIN PLATEFORME TEMPO S STABILISATEUR \u00c9CHELLE INTERIEUR SIMPLE AVEC CROCHET<\/p>","protected":false},"featured_media":2879,"template":"","meta":{"_acf_changed":false},"product_brand":[],"product_cat":[79],"product_tag":[],"class_list":{"0":"post-3023","1":"product","2":"type-product","3":"status-publish","4":"has-post-thumbnail","6":"product_cat-non-classe","8":"first","9":"instock","10":"taxable","11":"shipping-taxable","12":"purchasable","13":"product-type-variable"},"acf":[],"_links":{"self":[{"href":"https:\/\/dev1e24jormax.devdg.pt\/es\/wp-json\/wp\/v2\/product\/3023","targetHints":{"allow":["GET"]}}],"collection":[{"href":"https:\/\/dev1e24jormax.devdg.pt\/es\/wp-json\/wp\/v2\/product"}],"about":[{"href":"https:\/\/dev1e24jormax.devdg.pt\/es\/wp-json\/wp\/v2\/types\/product"}],"wp:featuredmedia":[{"embeddable":true,"href":"https:\/\/dev1e24jormax.devdg.pt\/es\/wp-json\/wp\/v2\/media\/2879"}],"wp:attachment":[{"href":"https:\/\/dev1e24jormax.devdg.pt\/es\/wp-json\/wp\/v2\/media?parent=3023"}],"wp:term":[{"taxonomy":"product_brand","embeddable":true,"href":"https:\/\/dev1e24jormax.devdg.pt\/es\/wp-json\/wp\/v2\/product_brand?post=3023"},{"taxonomy":"product_cat","embeddable":true,"href":"https:\/\/dev1e24jormax.devdg.pt\/es\/wp-json\/wp\/v2\/product_cat?post=3023"},{"taxonomy":"product_tag","embeddable":true,"href":"https:\/\/dev1e24jormax.devdg.pt\/es\/wp-json\/wp\/v2\/product_tag?post=3023"}],"curies":[{"name":"wp","href":"https:\/\/api.w.org\/{rel}","templated":true}]}}