{"id":2946,"date":"2019-10-15T14:36:04","date_gmt":"2019-10-15T12:36:04","guid":{"rendered":"https:\/\/dev1e24jormax.devdg.pt\/product\/desliz\/"},"modified":"2025-07-18T17:39:46","modified_gmt":"2025-07-18T15:39:46","slug":"desliz","status":"publish","type":"product","link":"https:\/\/dev1e24jormax.devdg.pt\/es\/producto\/desliz\/","title":{"rendered":"DESLIZ"},"content":{"rendered":"","protected":false},"excerpt":{"rendered":"<p><strong>\u00c9chelle coulissante pour \u00e9tag\u00e8res, biblioth\u00e8ques, archives, etc.<\/strong><\/p>\n<p>\u00a0<\/p>\n<p>Construit en aluminium extrud\u00e9 et \u00e9quip\u00e9 d&rsquo;un syst\u00e8me sophistiqu\u00e9 de connexion et de glisser sur un rail. Pour utiliser l&rsquo;\u00e9chelle, il suffit de soulever et de se mettre en position. Une fois le travail termin\u00e9, l&rsquo;\u00e9chelle peut \u00eatre laiss\u00e9e ouverte ou plac\u00e9e dans une position de repos contre l&rsquo;\u00e9tag\u00e8re. Dans tous les cas, le syst\u00e8me de glissi\u00e8re sur le rail est toujours actif et pr\u00eat \u00e0 \u00eatre utilis\u00e9. \u00c0 l&rsquo;appui du sol, deux roues de 80 mm de diam\u00e8tre se verrouillent automatiquement pour une s\u00e9curit\u00e9 maximale. Le syst\u00e8me autobloquant automatique s&rsquo;active lorsque l&rsquo;\u00e9chelle est inclin\u00e9e en position de travail et que l&rsquo;utilisateur mont\u00e9e. D\u00e9sactive lorsque l&rsquo;utilisateur descend de l&rsquo;\u00e9chelle.<\/p>\n<p>\u00a0<\/p>\n<p>Les composants de rail sont:<br \/>\n\u2022 Support de rail droit;<br \/>\n\u2022 Support de rail gauche;<br \/>\n\u2022 Crochet interm\u00e9diaire requis tous les 1 m de rail.<\/p>\n<p>\u00a0<\/p>\n<p><img decoding=\"async\" class=\"selos-produto\" src=\"http:\/\/dev2jormax.devdg.pt\/wp-content\/uploads\/2019\/10\/europa.jpg\" alt=\"NOME DOS SELOS (SUBSTITUIR)\" \/> <img decoding=\"async\" class=\"selos-produto\" src=\"http:\/\/dev2jormax.devdg.pt\/wp-content\/uploads\/2019\/11\/decret-50-2005.jpg\" alt=\"NOME DOS SELOS (SUBSTITUIR)\" \/> <img decoding=\"async\" class=\"selos-produto\" src=\"http:\/\/dev2jormax.devdg.pt\/wp-content\/uploads\/2019\/11\/norme-131.jpg\" alt=\"NOME DOS SELOS (SUBSTITUIR)\" \/> <img decoding=\"async\" class=\"selos-produto\" src=\"http:\/\/dev2jormax.devdg.pt\/wp-content\/uploads\/2019\/11\/garantie-5.jpg\" alt=\"NOME DOS SELOS (SUBSTITUIR)\" \/> <img decoding=\"async\" class=\"selos-produto\" src=\"http:\/\/dev2jormax.devdg.pt\/wp-content\/uploads\/2019\/11\/usage-professionnel.jpg\" alt=\"NOME DOS SELOS (SUBSTITUIR)\" \/> <img decoding=\"async\" class=\"selos-produto\" src=\"http:\/\/dev2jormax.devdg.pt\/wp-content\/uploads\/2019\/10\/peso-150.jpg\" alt=\"NOME DOS SELOS (SUBSTITUIR)\" \/><\/p>\n<p>\u00a0<\/p>","protected":false},"featured_media":2947,"template":"","meta":{"_acf_changed":false},"product_brand":[],"product_cat":[92,91],"product_tag":[],"class_list":{"0":"post-2946","1":"product","2":"type-product","3":"status-publish","4":"has-post-thumbnail","6":"product_cat-echeles-simples","7":"product_cat-echelles","9":"first","10":"instock","11":"taxable","12":"shipping-taxable","13":"purchasable","14":"product-type-variable"},"acf":[],"_links":{"self":[{"href":"https:\/\/dev1e24jormax.devdg.pt\/es\/wp-json\/wp\/v2\/product\/2946","targetHints":{"allow":["GET"]}}],"collection":[{"href":"https:\/\/dev1e24jormax.devdg.pt\/es\/wp-json\/wp\/v2\/product"}],"about":[{"href":"https:\/\/dev1e24jormax.devdg.pt\/es\/wp-json\/wp\/v2\/types\/product"}],"wp:featuredmedia":[{"embeddable":true,"href":"https:\/\/dev1e24jormax.devdg.pt\/es\/wp-json\/wp\/v2\/media\/2947"}],"wp:attachment":[{"href":"https:\/\/dev1e24jormax.devdg.pt\/es\/wp-json\/wp\/v2\/media?parent=2946"}],"wp:term":[{"taxonomy":"product_brand","embeddable":true,"href":"https:\/\/dev1e24jormax.devdg.pt\/es\/wp-json\/wp\/v2\/product_brand?post=2946"},{"taxonomy":"product_cat","embeddable":true,"href":"https:\/\/dev1e24jormax.devdg.pt\/es\/wp-json\/wp\/v2\/product_cat?post=2946"},{"taxonomy":"product_tag","embeddable":true,"href":"https:\/\/dev1e24jormax.devdg.pt\/es\/wp-json\/wp\/v2\/product_tag?post=2946"}],"curies":[{"name":"wp","href":"https:\/\/api.w.org\/{rel}","templated":true}]}}