{"id":2941,"date":"2019-10-15T13:53:54","date_gmt":"2019-10-15T11:53:54","guid":{"rendered":"https:\/\/dev1e24jormax.devdg.pt\/product\/sotao\/"},"modified":"2025-07-18T17:42:28","modified_gmt":"2025-07-18T15:42:28","slug":"sotao","status":"publish","type":"product","link":"https:\/\/dev1e24jormax.devdg.pt\/es\/producto\/sotao\/","title":{"rendered":"S\u00d3T\u00c3O"},"content":{"rendered":"<p style=\"background: #FB383B; color: white; font-family: Exo !important; text-align: center; padding: 10px;\"><strong> S\u00d3T\u00c3O &#8211; \u00c9CHELLES EN M\u00c9TAL <\/strong><\/p>","protected":false},"excerpt":{"rendered":"<p><strong>\u00c9chelle de S\u00f3t\u00e3o en m\u00e9tal.<\/strong><\/p>\n<p>\u00a0<\/p>\n<p>Les \u00e9chelles des combles sont construits selon les normes de s\u00e9curit\u00e9. Ils peuvent \u00eatre ouverts et ferm\u00e9s tr\u00e8s facilement gr\u00e2ce au syst\u00e8me d&rsquo;ouverture\/fermeture extr\u00eamement confortable. Son installation est tr\u00e8s facile, 5 minutes. Pour installer l\u2019\u00e9chelle il est n\u00e9cessaire d\u2019entrer l\u2019\u00e9chelle dans le trou du plafond et de fixer au plafond avec 4 accessoires qui sont viss\u00e9s dans les vis qui prennent les 4 coins de l\u2019\u00e9chelle. La capacit\u00e9 de l&rsquo;\u00e9chelle est de 150 kg. \u00c9chelle en m\u00e9tal \u00e0 11 marches qui s&rsquo;ouvre par un soufflet, l&rsquo;\u00e9chelle est indiqu\u00e9e pour des plafonds de 2,70 m \u00e0 une hauteur maximale de 3,00 m. Pour l&rsquo;installation exclusivement \u00e0 l&rsquo;int\u00e9rieur des b\u00e2timents. Pour adapter l\u2019\u00e9chelle aux hauteurs les plus basses, il est n\u00e9cessaire de descendre des marches.<\/p>\n<p>\u00a0<\/p>\n<p><img decoding=\"async\" class=\"selos-produto\" src=\"http:\/\/dev2jormax.devdg.pt\/wp-content\/uploads\/2019\/10\/europa.jpg\" alt=\"NOME DOS SELOS (SUBSTITUIR)\" \/> <img decoding=\"async\" class=\"selos-produto\" src=\"http:\/\/dev2jormax.devdg.pt\/wp-content\/uploads\/2019\/11\/decret-50-2005.jpg\" alt=\"NOME DOS SELOS (SUBSTITUIR)\" \/> <img decoding=\"async\" class=\"selos-produto\" src=\"http:\/\/dev2jormax.devdg.pt\/wp-content\/uploads\/2019\/11\/norme-131.jpg\" alt=\"NOME DOS SELOS (SUBSTITUIR)\" \/> <img decoding=\"async\" class=\"selos-produto\" src=\"http:\/\/dev2jormax.devdg.pt\/wp-content\/uploads\/2019\/11\/garantie-1.jpg\" alt=\"NOME DOS SELOS (SUBSTITUIR)\" \/> <img decoding=\"async\" class=\"selos-produto\" src=\"http:\/\/dev2jormax.devdg.pt\/wp-content\/uploads\/2019\/11\/usage-domestique.jpg\" alt=\"NOME DOS SELOS (SUBSTITUIR)\" \/> <img decoding=\"async\" class=\"selos-produto\" src=\"http:\/\/dev2jormax.devdg.pt\/wp-content\/uploads\/2019\/10\/peso-150.jpg\" alt=\"NOME DOS SELOS (SUBSTITUIR)\" \/><\/p>\n<p>\u00a0<\/p>","protected":false},"featured_media":2942,"template":"","meta":{"_acf_changed":false},"product_brand":[],"product_cat":[91,99],"product_tag":[],"class_list":{"0":"post-2941","1":"product","2":"type-product","3":"status-publish","4":"has-post-thumbnail","6":"product_cat-echelles","7":"product_cat-echelles-loft","9":"first","10":"instock","11":"taxable","12":"shipping-taxable","13":"purchasable","14":"product-type-variable"},"acf":[],"_links":{"self":[{"href":"https:\/\/dev1e24jormax.devdg.pt\/es\/wp-json\/wp\/v2\/product\/2941","targetHints":{"allow":["GET"]}}],"collection":[{"href":"https:\/\/dev1e24jormax.devdg.pt\/es\/wp-json\/wp\/v2\/product"}],"about":[{"href":"https:\/\/dev1e24jormax.devdg.pt\/es\/wp-json\/wp\/v2\/types\/product"}],"wp:featuredmedia":[{"embeddable":true,"href":"https:\/\/dev1e24jormax.devdg.pt\/es\/wp-json\/wp\/v2\/media\/2942"}],"wp:attachment":[{"href":"https:\/\/dev1e24jormax.devdg.pt\/es\/wp-json\/wp\/v2\/media?parent=2941"}],"wp:term":[{"taxonomy":"product_brand","embeddable":true,"href":"https:\/\/dev1e24jormax.devdg.pt\/es\/wp-json\/wp\/v2\/product_brand?post=2941"},{"taxonomy":"product_cat","embeddable":true,"href":"https:\/\/dev1e24jormax.devdg.pt\/es\/wp-json\/wp\/v2\/product_cat?post=2941"},{"taxonomy":"product_tag","embeddable":true,"href":"https:\/\/dev1e24jormax.devdg.pt\/es\/wp-json\/wp\/v2\/product_tag?post=2941"}],"curies":[{"name":"wp","href":"https:\/\/api.w.org\/{rel}","templated":true}]}}