{"id":2931,"date":"2019-10-23T08:37:19","date_gmt":"2019-10-23T06:37:19","guid":{"rendered":"https:\/\/dev1e24jormax.devdg.pt\/product\/casttel-plus\/"},"modified":"2025-07-18T17:42:28","modified_gmt":"2025-07-18T15:42:28","slug":"casttel-plus","status":"publish","type":"product","link":"https:\/\/dev1e24jormax.devdg.pt\/es\/producto\/casttel-plus\/","title":{"rendered":"CASTTEL PLUS"},"content":{"rendered":"<p style=\"padding10px; background: #fb383b; color: white; text-align: center;\"><strong>TOUR CASTTEL PLUS<br \/>\n<\/strong><\/p>\n<p style=\"font-size: 12px;\">* Pour une utilisation en ext\u00e9rieur, le Castell Plus S de 6,76 m (A + B + C + D) conforme \u00e0 la norme europ\u00e9enne sans ajustement n\u00e9cessite 4 contrepoids (voir les pi\u00e8ces optionnelles).<\/p>\n<p>\u00a0<\/p>","protected":false},"excerpt":{"rendered":"<p><strong>Base pliante:<br \/>\n&#8211; Plus S: 1,60&#215;0,75 m &#8211; Hauteur maximale: 6,76 m;<br \/>\n&#8211; Plus L: 2,00&#215;1,05 &#8211; Hauteur maximale: 6,76 m.<\/strong><\/p>\n<p>\u00a0<\/p>\n<p>O Casttel Plus est un \u00e9chafaudage professionnel pliable \u00e0 ouverture rapide, disponible en deux mod\u00e8les, compact (S) et grand (L). Les deux mod\u00e8les peuvent \u00eatre mont\u00e9s tr\u00e8s rapidement. Il est compos\u00e9 d\u2019un module de base mesurant 1,70 m de hauteur, d\u2019un module de 1,84 m et de plusieurs modules interm\u00e9diaires de diff\u00e9rentes hauteurs, jusqu\u2019\u00e0 une hauteur de 6,76 m (7,70 m de travail). Il est fabriqu\u00e9 en alliage l\u00e9ger d\u2019aluminium tubulaire (\u00d8 50 millim\u00e8tres) avec des marches antid\u00e9rapantes. Le module de base est pr\u00e9-mont\u00e9 et peut \u00eatre ouvert tr\u00e8s rapidement pour atteindre la position de travail. Avec peu de composants, cet \u00e9chafaudage est tr\u00e8s l\u00e9ger et<br \/>\ntr\u00e8s facile \u00e0 transporter, il se monte en quelques minutes sans l\u2019utilisation d\u2019outils. De plus, \u00e9tant anticorrosif, il est durable dans le temps.<\/p>\n<p>\u00a0<\/p>\n<p><img decoding=\"async\" class=\"selos-produto\" src=\"http:\/\/dev2jormax.devdg.pt\/wp-content\/uploads\/2019\/10\/europa.jpg\" alt=\"NOME DOS SELOS (SUBSTITUIR)\" \/> <img decoding=\"async\" class=\"selos-produto\" src=\"http:\/\/dev2jormax.devdg.pt\/wp-content\/uploads\/2019\/11\/decret-50-2005.jpg\" alt=\"NOME DOS SELOS (SUBSTITUIR)\" \/> <img decoding=\"async\" class=\"selos-produto\" src=\"http:\/\/dev2jormax.devdg.pt\/wp-content\/uploads\/2019\/11\/norme-1004.jpg\" alt=\"NOME DOS SELOS (SUBSTITUIR)\" \/> <img decoding=\"async\" class=\"selos-produto\" src=\"http:\/\/dev2jormax.devdg.pt\/wp-content\/uploads\/2019\/10\/norma-UN-EN.jpg\" alt=\"NOME DOS SELOS (SUBSTITUIR)\" \/> <img decoding=\"async\" class=\"selos-produto\" src=\"http:\/\/dev2jormax.devdg.pt\/wp-content\/uploads\/2019\/11\/garantie-5.jpg\" alt=\"NOME DOS SELOS (SUBSTITUIR)\" \/> <img decoding=\"async\" class=\"selos-produto\" src=\"http:\/\/dev2jormax.devdg.pt\/wp-content\/uploads\/2019\/11\/usage-professionnel.jpg\" alt=\"NOME DOS SELOS (SUBSTITUIR)\" \/> <img decoding=\"async\" class=\"selos-produto\" src=\"http:\/\/dev2jormax.devdg.pt\/wp-content\/uploads\/2019\/10\/peso-200-m2.jpg\" alt=\"NOME DOS SELOS (SUBSTITUIR)\" \/><\/p>\n<p>\u00a0<\/p>","protected":false},"featured_media":2932,"template":"","meta":{"_acf_changed":false},"product_brand":[],"product_cat":[81,82],"product_tag":[],"class_list":{"0":"post-2931","1":"product","2":"type-product","3":"status-publish","4":"has-post-thumbnail","6":"product_cat-echafaudage","7":"product_cat-echafaudage-professionnel","9":"first","10":"instock","11":"taxable","12":"shipping-taxable","13":"purchasable","14":"product-type-variable"},"acf":[],"_links":{"self":[{"href":"https:\/\/dev1e24jormax.devdg.pt\/es\/wp-json\/wp\/v2\/product\/2931","targetHints":{"allow":["GET"]}}],"collection":[{"href":"https:\/\/dev1e24jormax.devdg.pt\/es\/wp-json\/wp\/v2\/product"}],"about":[{"href":"https:\/\/dev1e24jormax.devdg.pt\/es\/wp-json\/wp\/v2\/types\/product"}],"wp:featuredmedia":[{"embeddable":true,"href":"https:\/\/dev1e24jormax.devdg.pt\/es\/wp-json\/wp\/v2\/media\/2932"}],"wp:attachment":[{"href":"https:\/\/dev1e24jormax.devdg.pt\/es\/wp-json\/wp\/v2\/media?parent=2931"}],"wp:term":[{"taxonomy":"product_brand","embeddable":true,"href":"https:\/\/dev1e24jormax.devdg.pt\/es\/wp-json\/wp\/v2\/product_brand?post=2931"},{"taxonomy":"product_cat","embeddable":true,"href":"https:\/\/dev1e24jormax.devdg.pt\/es\/wp-json\/wp\/v2\/product_cat?post=2931"},{"taxonomy":"product_tag","embeddable":true,"href":"https:\/\/dev1e24jormax.devdg.pt\/es\/wp-json\/wp\/v2\/product_tag?post=2931"}],"curies":[{"name":"wp","href":"https:\/\/api.w.org\/{rel}","templated":true}]}}