{"id":2878,"date":"2019-10-22T16:41:04","date_gmt":"2019-10-22T14:41:04","guid":{"rendered":"https:\/\/dev1e24jormax.devdg.pt\/product\/casttel\/"},"modified":"2025-07-18T17:42:28","modified_gmt":"2025-07-18T15:42:28","slug":"casttel","status":"publish","type":"product","link":"https:\/\/dev1e24jormax.devdg.pt\/es\/producto\/casttel\/","title":{"rendered":"CASTTEL"},"content":{"rendered":"<p style=\"padding10px; background: #fb383b; color: white; text-align: center;\"><strong>TOUR CASTTEL<\/strong><\/p>\n<p style=\"font-size: 12px;\">* Pour usage externe, le Castell Plus S 7,10 m. (A + B + C + D) conform\u00e9ment \u00e0 la norme europ\u00e9enne sans ajustement n\u00e9cessite 4 contrepoids (voir les optionnelle)<\/p>\n<p>\u00a0<\/p>\n<p style=\"padding10px; background: #fb383b; color: white; text-align: center;\"><strong>MODULES DE TOUR CASTTEL<\/strong><\/p>\n<p style=\"padding10px; background: #fb383b; color: white; text-align: center;\"><strong>TOUR OPTIONNELLE CASTTEL<\/strong><\/p>","protected":false},"excerpt":{"rendered":"<p><strong>Base Pliante: &#8211; Dimensions: 1,60 x 0,80 m; &#8211; Hauteur de travail maximale: 8,06 m. <\/strong><\/p>\n<p>\u00a0<\/p>\n<p>Casttel est un \u00e9chafaudage en aluminium \u00e0 ouverture rapide, disponible avec des crochets de verrouillage automatique certifi\u00e9s selon les normes europ\u00e9ennes EN 1004. Cet \u00e9chafaudage professionnel est compos\u00e9 de modules de 1,80 m\u00e8tre facile \u00e0 utiliser pour travailler \u00e0 une hauteur<br \/>\nmaximale de 8,06 m\u00e8tres. Il est fabriqu\u00e9 en alliage l\u00e9ger d\u2019aluminium tubulaire (\u00d8 42 millim\u00e8tres) avec des marches antid\u00e9rapantes. Compos\u00e9 de peu de composants l\u00e9gers, il peut \u00eatre ouvert tr\u00e8s rapidement. Il est \u00e9galement tr\u00e8s facile \u00e0 transporter et peut \u00eatre assembl\u00e9 en quelques minutes<br \/>\nsans utiliser d\u2019outil. Comme il est anticorrosif, il est durable. \u00c0 utiliser exclusivement sur des surfaces planes.<\/p>\n<p>\u00a0<\/p>\n<p><img decoding=\"async\" class=\"selos-produto\" src=\"http:\/\/dev2jormax.devdg.pt\/wp-content\/uploads\/2019\/10\/europa.jpg\" alt=\"NOME DOS SELOS (SUBSTITUIR)\" \/> <img decoding=\"async\" class=\"selos-produto\" src=\"http:\/\/dev2jormax.devdg.pt\/wp-content\/uploads\/2019\/10\/decreto-lei.jpg\" alt=\"NOME DOS SELOS (SUBSTITUIR)\" \/> <img decoding=\"async\" class=\"selos-produto\" src=\"http:\/\/dev2jormax.devdg.pt\/wp-content\/uploads\/2019\/10\/norma-1004.jpg\" alt=\"NOME DOS SELOS (SUBSTITUIR)\" \/> <img decoding=\"async\" class=\"selos-produto\" src=\"http:\/\/dev2jormax.devdg.pt\/wp-content\/uploads\/2019\/10\/norma-UN-EN.jpg\" alt=\"NOME DOS SELOS (SUBSTITUIR)\" \/> <img decoding=\"async\" class=\"selos-produto\" src=\"http:\/\/dev2jormax.devdg.pt\/wp-content\/uploads\/2019\/10\/garantia-5.jpg\" alt=\"NOME DOS SELOS (SUBSTITUIR)\" \/> <img decoding=\"async\" class=\"selos-produto\" src=\"http:\/\/dev2jormax.devdg.pt\/wp-content\/uploads\/2019\/10\/uso-profissional.jpg\" alt=\"NOME DOS SELOS (SUBSTITUIR)\" \/> <img decoding=\"async\" class=\"selos-produto\" src=\"http:\/\/dev2jormax.devdg.pt\/wp-content\/uploads\/2019\/10\/peso-200-m2.jpg\" alt=\"NOME DOS SELOS (SUBSTITUIR)\" \/><\/p>\n<p>\u00a0<\/p>","protected":false},"featured_media":2879,"template":"","meta":{"_acf_changed":false},"product_brand":[],"product_cat":[81,82],"product_tag":[],"class_list":{"0":"post-2878","1":"product","2":"type-product","3":"status-publish","4":"has-post-thumbnail","6":"product_cat-echafaudage","7":"product_cat-echafaudage-professionnel","9":"first","10":"instock","11":"taxable","12":"shipping-taxable","13":"purchasable","14":"product-type-variable"},"acf":[],"_links":{"self":[{"href":"https:\/\/dev1e24jormax.devdg.pt\/es\/wp-json\/wp\/v2\/product\/2878","targetHints":{"allow":["GET"]}}],"collection":[{"href":"https:\/\/dev1e24jormax.devdg.pt\/es\/wp-json\/wp\/v2\/product"}],"about":[{"href":"https:\/\/dev1e24jormax.devdg.pt\/es\/wp-json\/wp\/v2\/types\/product"}],"wp:featuredmedia":[{"embeddable":true,"href":"https:\/\/dev1e24jormax.devdg.pt\/es\/wp-json\/wp\/v2\/media\/2879"}],"wp:attachment":[{"href":"https:\/\/dev1e24jormax.devdg.pt\/es\/wp-json\/wp\/v2\/media?parent=2878"}],"wp:term":[{"taxonomy":"product_brand","embeddable":true,"href":"https:\/\/dev1e24jormax.devdg.pt\/es\/wp-json\/wp\/v2\/product_brand?post=2878"},{"taxonomy":"product_cat","embeddable":true,"href":"https:\/\/dev1e24jormax.devdg.pt\/es\/wp-json\/wp\/v2\/product_cat?post=2878"},{"taxonomy":"product_tag","embeddable":true,"href":"https:\/\/dev1e24jormax.devdg.pt\/es\/wp-json\/wp\/v2\/product_tag?post=2878"}],"curies":[{"name":"wp","href":"https:\/\/api.w.org\/{rel}","templated":true}]}}