{"id":2861,"date":"2019-10-14T15:03:13","date_gmt":"2019-10-14T13:03:13","guid":{"rendered":"https:\/\/dev1e24jormax.devdg.pt\/product\/multilady\/"},"modified":"2025-07-18T17:39:44","modified_gmt":"2025-07-18T15:39:44","slug":"multilady","status":"publish","type":"product","link":"https:\/\/dev1e24jormax.devdg.pt\/es\/producto\/multilady\/","title":{"rendered":"MULTIDAMA"},"content":{"rendered":"<p>\u00a0<img decoding=\"async\" class=\"alignleft\" src=\"https:\/\/dev1e24jormax.devdg.pt\/wp-content\/uploads\/2025\/07\/pormenor-1-multilady-jormax.jpg\" alt=\"posicoes\" \/><\/p>\n<p style=\"text-align: center;\">Posi\u00e7\u00e3o Escada<\/p>\n<p><img decoding=\"async\" class=\"aligncenter\" src=\"https:\/\/dev1e24jormax.devdg.pt\/wp-content\/uploads\/2025\/07\/pormenor-2-multilady-jormax.jpg\" alt=\"posicoes\" \/><\/p>\n<p style=\"text-align: center;\">Posi\u00e7\u00e3o Escadote<\/p>\n<p><img decoding=\"async\" class=\"alignright\" src=\"https:\/\/dev1e24jormax.devdg.pt\/wp-content\/uploads\/2025\/07\/pormenor-3-multilady-jormax.jpg\" alt=\"posicoes\" \/><\/p>\n<p style=\"text-align: center;\">Posi\u00e7\u00e3o Prancha com desn\u00edvel<\/p>","protected":false},"excerpt":{"rendered":"<p><strong>Escalera telesc\u00f3pica multiposici\u00f3n con estabilizadores.<\/strong><\/p>\n<p>\u00a0<\/p>\n<p>Se puede utilizar en diversas posiciones de trabajo: apoyada, como escalera de tijera o sobre un banco de trabajo en superficies irregulares. Est\u00e1 equipada con una plataforma de trabajo de acero de 89 x 28 cm que permite utilizarla como mesa de trabajo. Adem\u00e1s, es ajustable a diferentes alturas gracias a su sistema telesc\u00f3pico. Tambi\u00e9n se puede utilizar en escaleras irregulares. Est\u00e1 equipada con juntas autom\u00e1ticas de acero para una apertura y cierre r\u00e1pidos, ganchos de acero recubiertos de nailon y un doble estabilizador de apoyo al suelo. Es una escalera muy compacta que se puede transportar f\u00e1cilmente en el maletero del coche. Est\u00e1 dise\u00f1ada para uso profesional, de bricolaje y dom\u00e9stico. Est\u00e1 certificada y fabricada seg\u00fan la norma europea EN 131.<\/p>\n<p>\u00a0<\/p>\n<p>\u00a0<\/p>\n<p><a class=\"teste2\" href=\"#PosicoesMultilady\"><strong> Ver posiciones<\/strong><\/a><\/p>\n<p>\u00a0<\/p>\n<p>\u00a0<\/p>\n<p><img decoding=\"async\" class=\"selos-produto\" src=\"http:\/\/dev2jormax.devdg.pt\/wp-content\/uploads\/2019\/10\/europa.jpg\" alt=\"NOME DOS SELOS (SUBSTITUIR)\" \/> <img decoding=\"async\" class=\"selos-produto\" src=\"http:\/\/dev2jormax.devdg.pt\/wp-content\/uploads\/2019\/11\/decret-50-2005.jpg\" alt=\"NOME DOS SELOS (SUBSTITUIR)\" \/> <img decoding=\"async\" class=\"selos-produto\" src=\"http:\/\/dev2jormax.devdg.pt\/wp-content\/uploads\/2019\/11\/norme-131.jpg\" alt=\"NOME DOS SELOS (SUBSTITUIR)\" \/> <img decoding=\"async\" class=\"selos-produto\" src=\"http:\/\/dev2jormax.devdg.pt\/wp-content\/uploads\/2019\/11\/garantie-3.jpg\" alt=\"NOME DOS SELOS (SUBSTITUIR)\" \/> <img decoding=\"async\" class=\"selos-produto\" src=\"http:\/\/dev2jormax.devdg.pt\/wp-content\/uploads\/2019\/11\/usage-professionnel.jpg\" alt=\"NOME DOS SELOS (SUBSTITUIR)\" \/> <img decoding=\"async\" class=\"selos-produto\" src=\"http:\/\/dev2jormax.devdg.pt\/wp-content\/uploads\/2019\/10\/peso-150.jpg\" alt=\"NOME DOS SELOS (SUBSTITUIR)\" \/><\/p>\n<p>\u00a0<\/p>","protected":false},"featured_media":2865,"template":"","meta":{"_acf_changed":false},"product_brand":[],"product_cat":[96,91],"product_tag":[],"class_list":{"0":"post-2861","1":"product","2":"type-product","3":"status-publish","4":"has-post-thumbnail","6":"product_cat-echelle-polyvalents-telescopiques","7":"product_cat-echelles","9":"first","10":"instock","11":"taxable","12":"shipping-taxable","13":"purchasable","14":"product-type-variable"},"acf":[],"_links":{"self":[{"href":"https:\/\/dev1e24jormax.devdg.pt\/es\/wp-json\/wp\/v2\/product\/2861","targetHints":{"allow":["GET"]}}],"collection":[{"href":"https:\/\/dev1e24jormax.devdg.pt\/es\/wp-json\/wp\/v2\/product"}],"about":[{"href":"https:\/\/dev1e24jormax.devdg.pt\/es\/wp-json\/wp\/v2\/types\/product"}],"wp:featuredmedia":[{"embeddable":true,"href":"https:\/\/dev1e24jormax.devdg.pt\/es\/wp-json\/wp\/v2\/media\/2865"}],"wp:attachment":[{"href":"https:\/\/dev1e24jormax.devdg.pt\/es\/wp-json\/wp\/v2\/media?parent=2861"}],"wp:term":[{"taxonomy":"product_brand","embeddable":true,"href":"https:\/\/dev1e24jormax.devdg.pt\/es\/wp-json\/wp\/v2\/product_brand?post=2861"},{"taxonomy":"product_cat","embeddable":true,"href":"https:\/\/dev1e24jormax.devdg.pt\/es\/wp-json\/wp\/v2\/product_cat?post=2861"},{"taxonomy":"product_tag","embeddable":true,"href":"https:\/\/dev1e24jormax.devdg.pt\/es\/wp-json\/wp\/v2\/product_tag?post=2861"}],"curies":[{"name":"wp","href":"https:\/\/api.w.org\/{rel}","templated":true}]}}