{"id":2845,"date":"2019-10-22T13:31:30","date_gmt":"2019-10-22T11:31:30","guid":{"rendered":"https:\/\/dev1e24jormax.devdg.pt\/product\/millenium\/"},"modified":"2025-07-18T17:42:28","modified_gmt":"2025-07-18T15:42:28","slug":"millenium","status":"publish","type":"product","link":"https:\/\/dev1e24jormax.devdg.pt\/es\/producto\/millenium\/","title":{"rendered":"MILLENIUM"},"content":{"rendered":"<p style=\"padding10px; background: #fb383b; color: white; text-align: center;\"><strong>TOUR MILLENIUM<\/strong><\/p>\n<p>\u00a0<\/p>\n<p style=\"font-size: 12px;\">* Pour adapter les modules A\/A+D2\/A+D3 \u00e0 la norme europ\u00e9enne, veuillez demander 4 stabilisateurs de petite taille (voir accessoires Module S1) | ** Avis pour l\u2019achat des Modules A+B+D2 : pour un montage plus pratique, nous recommandons l\u2019achat d\u2019une plateforme suppl\u00e9mentaire optionnelle (voir Module P dans les accessoires) | *** \u00c0 partir de 7,41 m (A+B+C+E) pour une utilisation en ext\u00e9rieur du mod\u00e8le MILLENIUM (conforme \u00e0 la norme europ\u00e9enne), il est obligatoire d\u2019avoir 4 contrepoids (voir accessoires). Dans le cas d\u2019une fixation au mur, l\u2019utilisation de contrepoids n\u2019est pas obligatoire. | \u00b0 Si les plateformes sont utilis\u00e9es pour travailler, veuillez inclure le Kit de plinthes (Module F dans les accessoires) pour respecter les normes de s\u00e9curit\u00e9 | \u00b0 Pour les hauteurs de 1 m et 2 m, il est recommand\u00e9 d\u2019acheter (en option) au moins 2 traverses horizontales suppl\u00e9mentaires (voir accessoires) qui servent \u00e9galement de rampes.<\/p>\n<p style=\"padding10px; background: #fb383b; color: white; text-align: center;\"><strong>MODULES TOUR MILLENIUM<\/strong><\/p>\n<p style=\"padding10px; background: #fb383b; color: white; text-align: center;\"><strong>TOUR OPTIONNELLE MILLENIUM<\/strong><\/p>","protected":false},"excerpt":{"rendered":"<p><strong>Appropri\u00e9 pour la maintenance des travaux sur les chantiers.<\/strong><\/p>\n<p>\u00a0<\/p>\n<p>\u00c9chafaudage avec marches et rampes renforc\u00e9es. Tr\u00e8s robuste. Compos\u00e9 de modules de diff\u00e9rentes hauteurs, permettant d\u2019atteindre avec pr\u00e9cision la hauteur de travail souhait\u00e9e jusqu\u2019\u00e0 un maximum de 10,13 m\u00e8tres. La tour Millenium est id\u00e9ale pour les travaux de nettoyage et<br \/>\nde maintenance et est fabriqu\u00e9e en alliage d\u2019aluminium tubulaire tr\u00e8s l\u00e9ger de 42 mm. Ses quelques composants le rendent l\u00e9ger et facile \u00e0 monter en quelques minutes et sans n\u00e9cessiter d\u2019outils.<\/p>\n<p>\u00a0<\/p>\n<p><img decoding=\"async\" class=\"selos-produto\" src=\"http:\/\/dev2jormax.devdg.pt\/wp-content\/uploads\/2019\/10\/europa.jpg\" alt=\"NOME DOS SELOS (SUBSTITUIR)\" \/> <img decoding=\"async\" class=\"selos-produto\" src=\"http:\/\/dev2jormax.devdg.pt\/wp-content\/uploads\/2019\/11\/decret-50-2005.jpg\" alt=\"NOME DOS SELOS (SUBSTITUIR)\" \/> <img decoding=\"async\" class=\"selos-produto\" src=\"http:\/\/dev2jormax.devdg.pt\/wp-content\/uploads\/2019\/11\/norme-1004.jpg\" alt=\"NOME DOS SELOS (SUBSTITUIR)\" \/> <img decoding=\"async\" class=\"selos-produto\" src=\"http:\/\/dev2jormax.devdg.pt\/wp-content\/uploads\/2019\/10\/norma-UN-EN.jpg\" alt=\"NOME DOS SELOS (SUBSTITUIR)\" \/> <img decoding=\"async\" class=\"selos-produto\" src=\"http:\/\/dev2jormax.devdg.pt\/wp-content\/uploads\/2019\/11\/garantie-5.jpg\" alt=\"NOME DOS SELOS (SUBSTITUIR)\" \/> <img decoding=\"async\" class=\"selos-produto\" src=\"http:\/\/dev2jormax.devdg.pt\/wp-content\/uploads\/2019\/11\/usage-professionnel.jpg\" alt=\"NOME DOS SELOS (SUBSTITUIR)\" \/> <img decoding=\"async\" class=\"selos-produto\" src=\"http:\/\/dev2jormax.devdg.pt\/wp-content\/uploads\/2019\/10\/peso-200-m2.jpg\" alt=\"NOME DOS SELOS (SUBSTITUIR)\" \/><\/p>\n<p>\u00a0<\/p>","protected":false},"featured_media":2846,"template":"","meta":{"_acf_changed":false},"product_brand":[],"product_cat":[81,82],"product_tag":[],"class_list":{"0":"post-2845","1":"product","2":"type-product","3":"status-publish","4":"has-post-thumbnail","6":"product_cat-echafaudage","7":"product_cat-echafaudage-professionnel","9":"first","10":"instock","11":"taxable","12":"shipping-taxable","13":"purchasable","14":"product-type-variable"},"acf":[],"_links":{"self":[{"href":"https:\/\/dev1e24jormax.devdg.pt\/es\/wp-json\/wp\/v2\/product\/2845","targetHints":{"allow":["GET"]}}],"collection":[{"href":"https:\/\/dev1e24jormax.devdg.pt\/es\/wp-json\/wp\/v2\/product"}],"about":[{"href":"https:\/\/dev1e24jormax.devdg.pt\/es\/wp-json\/wp\/v2\/types\/product"}],"wp:featuredmedia":[{"embeddable":true,"href":"https:\/\/dev1e24jormax.devdg.pt\/es\/wp-json\/wp\/v2\/media\/2846"}],"wp:attachment":[{"href":"https:\/\/dev1e24jormax.devdg.pt\/es\/wp-json\/wp\/v2\/media?parent=2845"}],"wp:term":[{"taxonomy":"product_brand","embeddable":true,"href":"https:\/\/dev1e24jormax.devdg.pt\/es\/wp-json\/wp\/v2\/product_brand?post=2845"},{"taxonomy":"product_cat","embeddable":true,"href":"https:\/\/dev1e24jormax.devdg.pt\/es\/wp-json\/wp\/v2\/product_cat?post=2845"},{"taxonomy":"product_tag","embeddable":true,"href":"https:\/\/dev1e24jormax.devdg.pt\/es\/wp-json\/wp\/v2\/product_tag?post=2845"}],"curies":[{"name":"wp","href":"https:\/\/api.w.org\/{rel}","templated":true}]}}