{"id":2812,"date":"2019-10-14T13:03:51","date_gmt":"2019-10-14T11:03:51","guid":{"rendered":"https:\/\/dev1e24jormax.devdg.pt\/product\/multiuso\/"},"modified":"2025-07-18T17:42:27","modified_gmt":"2025-07-18T15:42:27","slug":"multiuso","status":"publish","type":"product","link":"https:\/\/dev1e24jormax.devdg.pt\/es\/producto\/multiuso\/","title":{"rendered":"MULTIUSO"},"content":{"rendered":"<table id=\"wpsm-table-63\" class=\"wpsm-comptable center-table-align\">\n<thead class=\"wpsm-thead wpsm-thead-default\">\n<tr>\n<th>\u00c1RBITRO<\/th>\n<th><center><img decoding=\"async\" style=\"width: 60px;\" src=\"https:\/\/dev1e24jormax.devdg.pt\/wp-content\/uploads\/2025\/07\/icon-numero-degraus-jormax.png\" alt=\"\" \/><\/center><\/th>\n<th><center><img decoding=\"async\" style=\"width: 60px;\" src=\"https:\/\/dev1e24jormax.devdg.pt\/wp-content\/uploads\/2025\/07\/Icon-08.png\" alt=\"\" \/><\/center><br \/>\n<b><i>metro<\/i><\/b><\/th>\n<th><center><img decoding=\"async\" style=\"width: 60px;\" src=\"https:\/\/dev1e24jormax.devdg.pt\/wp-content\/uploads\/2025\/07\/Icon-36.png\" alt=\"\" \/><\/center><br \/>\n<b><i>metro<\/i><\/b><\/th>\n<th><center><img decoding=\"async\" style=\"width: 60px;\" src=\"https:\/\/dev1e24jormax.devdg.pt\/wp-content\/uploads\/2025\/07\/icon-altura-trabalho-jormax.png\" alt=\"\" \/><\/center><br \/>\n<b><i>metro<\/i><\/b><\/th>\n<th><center><img decoding=\"async\" style=\"width: 60px;\" src=\"https:\/\/dev1e24jormax.devdg.pt\/wp-content\/uploads\/2025\/07\/Icon-39.png\" alt=\"\" \/><\/center><br \/>\n<b><i>metro<\/i><\/b><\/th>\n<th><center><img decoding=\"async\" style=\"width: 60px;\" src=\"https:\/\/dev1e24jormax.devdg.pt\/wp-content\/uploads\/2025\/07\/icon-espessura-jormax.png\" alt=\"\" \/><\/center><br \/>\n<b><i>metro<\/i><\/b><\/th>\n<th>Kilogramo<\/th>\n<\/tr>\n<\/thead>\n<tbody class=\"wpsm-tbody\">\n<tr>\n<td>10226<\/td>\n<td class=\"\">4 x 3<\/td>\n<td class=\"\">3.60<\/td>\n<td class=\"\">0.94<\/td>\n<td class=\"\">1.67<\/td>\n<td class=\"\">2.48<\/td>\n<td>0.28<\/td>\n<td>14.00<\/td>\n<\/tr>\n<tr>\n<td>10227<\/td>\n<td class=\"\">4 x 4*<\/td>\n<td class=\"\">4.70<\/td>\n<td class=\"\">1.18<\/td>\n<td class=\"\">2.20<\/td>\n<td class=\"\">3.27<\/td>\n<td>0.28<\/td>\n<td>16.00<\/td>\n<\/tr>\n<tr>\n<td>10228<\/td>\n<td colspan=\"6\">Plateforme (Accessoire \u00c9chelle 4&#215;3)<\/td>\n<td><center>4.00<\/center><\/td>\n<\/tr>\n<\/tbody>\n<\/table>\n<p style=\"font-size: 12px;\">*La r\u00e9f\u00e9rence 4&#215;4 ne r\u00e9pond pas \u00e0 la norme de positionnement du tableau. Utilisez uniquement comme \u00e9tabli.<\/p>","protected":false},"excerpt":{"rendered":"<p><strong>Echelle polyvalente avec stabilisateurs <\/strong><\/p>\n<p>\u00a0<\/p>\n<p>C&rsquo;est une \u00e9chelle polyvalente en aluminium extrud\u00e9. Il a diff\u00e9rentes positions de travail: support mural, position escabeau ou plateforme de travail. Une fois pli\u00e9, il occupe un minimum d&rsquo;espace, ce qui facilite son transport et son stockage. Construction en aluminium robuste de 4 pi\u00e8ces avec des traverses rectangulaires robustes. L&rsquo;\u00e9chelle polyvalente est certifi\u00e9e selon la norme europ\u00e9enne EN 131.<\/p>\n<p>\u00a0<\/p>\n<p><img decoding=\"async\" class=\"selos-produto\" src=\"http:\/\/dev2jormax.devdg.pt\/wp-content\/uploads\/2019\/10\/europa.jpg\" alt=\"NOME DOS SELOS (SUBSTITUIR)\" \/> <img decoding=\"async\" class=\"selos-produto\" src=\"http:\/\/dev2jormax.devdg.pt\/wp-content\/uploads\/2019\/11\/decret-50-2005.jpg\" alt=\"NOME DOS SELOS (SUBSTITUIR)\" \/> <img decoding=\"async\" class=\"selos-produto\" src=\"http:\/\/dev2jormax.devdg.pt\/wp-content\/uploads\/2019\/11\/norme-131.jpg\" alt=\"NOME DOS SELOS (SUBSTITUIR)\" \/> <img decoding=\"async\" class=\"selos-produto\" src=\"http:\/\/dev2jormax.devdg.pt\/wp-content\/uploads\/2019\/11\/garantie-3.jpg\" alt=\"NOME DOS SELOS (SUBSTITUIR)\" \/> <img decoding=\"async\" class=\"selos-produto\" src=\" http:\/\/dev2jormax.devdg.pt\/wp-content\/uploads\/2019\/11\/usage-professionnel.jpg\" alt=\"NOME DOS SELOS (SUBSTITUIR)\" \/> <img decoding=\"async\" class=\"selos-produto\" src=\"http:\/\/dev2jormax.devdg.pt\/wp-content\/uploads\/2019\/10\/peso-150.jpg\" alt=\"NOME DOS SELOS (SUBSTITUIR)\" \/><\/p>\n<p>\u00a0<\/p>","protected":false},"featured_media":2819,"template":"","meta":{"_acf_changed":false},"product_brand":[],"product_cat":[96,91],"product_tag":[],"class_list":{"0":"post-2812","1":"product","2":"type-product","3":"status-publish","4":"has-post-thumbnail","6":"product_cat-echelle-polyvalents-telescopiques","7":"product_cat-echelles","9":"first","10":"instock","11":"taxable","12":"shipping-taxable","13":"purchasable","14":"product-type-variable"},"acf":[],"_links":{"self":[{"href":"https:\/\/dev1e24jormax.devdg.pt\/es\/wp-json\/wp\/v2\/product\/2812","targetHints":{"allow":["GET"]}}],"collection":[{"href":"https:\/\/dev1e24jormax.devdg.pt\/es\/wp-json\/wp\/v2\/product"}],"about":[{"href":"https:\/\/dev1e24jormax.devdg.pt\/es\/wp-json\/wp\/v2\/types\/product"}],"wp:featuredmedia":[{"embeddable":true,"href":"https:\/\/dev1e24jormax.devdg.pt\/es\/wp-json\/wp\/v2\/media\/2819"}],"wp:attachment":[{"href":"https:\/\/dev1e24jormax.devdg.pt\/es\/wp-json\/wp\/v2\/media?parent=2812"}],"wp:term":[{"taxonomy":"product_brand","embeddable":true,"href":"https:\/\/dev1e24jormax.devdg.pt\/es\/wp-json\/wp\/v2\/product_brand?post=2812"},{"taxonomy":"product_cat","embeddable":true,"href":"https:\/\/dev1e24jormax.devdg.pt\/es\/wp-json\/wp\/v2\/product_cat?post=2812"},{"taxonomy":"product_tag","embeddable":true,"href":"https:\/\/dev1e24jormax.devdg.pt\/es\/wp-json\/wp\/v2\/product_tag?post=2812"}],"curies":[{"name":"wp","href":"https:\/\/api.w.org\/{rel}","templated":true}]}}