{"id":2646,"date":"2019-10-08T11:25:50","date_gmt":"2019-10-08T09:25:50","guid":{"rendered":"https:\/\/dev1e24jormax.devdg.pt\/product\/maxiladder-super-tripla\/"},"modified":"2025-07-18T17:39:41","modified_gmt":"2025-07-18T15:39:41","slug":"maxiladder-super-tripla","status":"publish","type":"product","link":"https:\/\/dev1e24jormax.devdg.pt\/es\/producto\/maxiladder-super-tripla\/","title":{"rendered":"MAXILADDER SUPER TRIPLA"},"content":{"rendered":"","protected":false},"excerpt":{"rendered":"<p><strong>\u00c9chelle de trois pi\u00e8ces transformables: escabeau ou position de d\u2019appui.<\/strong><\/p>\n<p>\u00a0<\/p>\n<p>Une s\u00e9rie d&rsquo;\u00e9chelles transformables de conception professionnelle, fabriqu\u00e9es \u00e0 partir d&rsquo;aluminium extrud\u00e9 \u00e0 nervures, utilisant un syst\u00e8me autobloquante perfectionn\u00e9 qui fixe de marches aux montants de fa\u00e7on durable. Les profils lat\u00e9raux sont abaiss\u00e9s pour prot\u00e9ger les mains de l&rsquo;utilisateur, \u00e9vitant ainsi le bord de sertissage. Ce sont d&rsquo;\u00e9chelles haut de gamme, parfaitement \u00e9quip\u00e9s, d&rsquo;un maximum de confort et de grandes dimensions. Disponible en 1, 2 et 3 parties, que ce soit en support de mur ou en escabeau. La s\u00e9rie Maxiladder est certifi\u00e9e selon la norme europ\u00e9enne<br \/>\nEN 131.<\/p>\n<p>\u00a0<\/p>\n<p><img decoding=\"async\" class=\"selos-produto\" src=\"http:\/\/dev2jormax.devdg.pt\/wp-content\/uploads\/2019\/10\/certificado-tuv.jpg\" alt=\"NOME DOS SELOS (SUBSTITUIR)\" \/> <img decoding=\"async\" class=\"selos-produto\" src=\"http:\/\/dev2jormax.devdg.pt\/wp-content\/uploads\/2019\/10\/europa.jpg\" alt=\"NOME DOS SELOS (SUBSTITUIR)\" \/> <img decoding=\"async\" class=\"selos-produto\" src=\"http:\/\/dev2jormax.devdg.pt\/wp-content\/uploads\/2019\/11\/decret-50-2005.jpg\" alt=\"NOME DOS SELOS (SUBSTITUIR)\" \/> <img decoding=\"async\" class=\"selos-produto\" src=\"http:\/\/dev2jormax.devdg.pt\/wp-content\/uploads\/2019\/11\/norme-131.jpg\" alt=\"NOME DOS SELOS (SUBSTITUIR)\" \/> <img decoding=\"async\" class=\"selos-produto\" src=\"http:\/\/dev2jormax.devdg.pt\/wp-content\/uploads\/2019\/11\/garantie-5.jpg\" alt=\"NOME DOS SELOS (SUBSTITUIR)\" \/> <img decoding=\"async\" class=\"selos-produto\" src=\"http:\/\/dev2jormax.devdg.pt\/wp-content\/uploads\/2019\/11\/usage-professionnel.jpg\" alt=\"NOME DOS SELOS (SUBSTITUIR)\" \/> <img decoding=\"async\" class=\"selos-produto\" src=\"http:\/\/dev2jormax.devdg.pt\/wp-content\/uploads\/2019\/10\/peso-150.jpg\" alt=\"NOME DOS SELOS (SUBSTITUIR)\" \/><\/p>\n<p>\u00a0<\/p>","protected":false},"featured_media":2647,"template":"","meta":{"_acf_changed":false},"product_brand":[],"product_cat":[91,94],"product_tag":[],"class_list":{"0":"post-2646","1":"product","2":"type-product","3":"status-publish","4":"has-post-thumbnail","6":"product_cat-echelles","7":"product_cat-echelles-triple","9":"first","10":"instock","11":"taxable","12":"shipping-taxable","13":"purchasable","14":"product-type-variable"},"acf":[],"_links":{"self":[{"href":"https:\/\/dev1e24jormax.devdg.pt\/es\/wp-json\/wp\/v2\/product\/2646","targetHints":{"allow":["GET"]}}],"collection":[{"href":"https:\/\/dev1e24jormax.devdg.pt\/es\/wp-json\/wp\/v2\/product"}],"about":[{"href":"https:\/\/dev1e24jormax.devdg.pt\/es\/wp-json\/wp\/v2\/types\/product"}],"wp:featuredmedia":[{"embeddable":true,"href":"https:\/\/dev1e24jormax.devdg.pt\/es\/wp-json\/wp\/v2\/media\/2647"}],"wp:attachment":[{"href":"https:\/\/dev1e24jormax.devdg.pt\/es\/wp-json\/wp\/v2\/media?parent=2646"}],"wp:term":[{"taxonomy":"product_brand","embeddable":true,"href":"https:\/\/dev1e24jormax.devdg.pt\/es\/wp-json\/wp\/v2\/product_brand?post=2646"},{"taxonomy":"product_cat","embeddable":true,"href":"https:\/\/dev1e24jormax.devdg.pt\/es\/wp-json\/wp\/v2\/product_cat?post=2646"},{"taxonomy":"product_tag","embeddable":true,"href":"https:\/\/dev1e24jormax.devdg.pt\/es\/wp-json\/wp\/v2\/product_tag?post=2646"}],"curies":[{"name":"wp","href":"https:\/\/api.w.org\/{rel}","templated":true}]}}