{"id":2581,"date":"2019-10-08T09:49:07","date_gmt":"2019-10-08T07:49:07","guid":{"rendered":"https:\/\/dev1e24jormax.devdg.pt\/product\/prime-tripla\/"},"modified":"2025-07-18T17:42:27","modified_gmt":"2025-07-18T15:42:27","slug":"prime-tripla","status":"publish","type":"product","link":"https:\/\/dev1e24jormax.devdg.pt\/es\/producto\/prime-tripla\/","title":{"rendered":"PRIME TRIPLA"},"content":{"rendered":"","protected":false},"excerpt":{"rendered":"<p><strong>\u00c9chelle con\u00e7ue pour les travaux les plus p\u00e9nibles.<\/strong><\/p>\n<p>\u00a0<\/p>\n<p>Prime Tripla est une \u00e9chelle professionnelle en aluminium, \u00e0 trois vol\u00e9es, transformable, avec laquelle vous pouvez travailler aussi bien contre le mur qu&rsquo;en position ciseaux.<br \/>\nLa s\u00e9rie Prime comprend des escaliers \u00e0 usage professionnel en aluminium extrud\u00e9 nervur\u00e9 avec un syst\u00e8me de montage automatique avanc\u00e9 qui fixe de mani\u00e8re permanente les marches aux montants. Il a des profils larges qui lui conf\u00e8rent une rigidit\u00e9 maximale. Il se distingue par son stabilisateur r\u00e9glable (disponible sur les \u00e9chelles \u00e0 2 et 3 sections) qui vous permet de travailler sur des pentes, dans des escaliers ou ajust\u00e9 lat\u00e9ralement, en \u00e9vitant les trottoirs ou autres obstacles. Ce sont des escaliers de haut standing, parfaitement \u00e9quip\u00e9s, avec un maximum de confort et de grandes dimensions. La s\u00e9rie LUXE est approuv\u00e9e selon la norme europ\u00e9enne EN131 et a \u00e9t\u00e9 certifi\u00e9e par TUV.<\/p>\n<p>\u00a0<\/p>\n<p><img decoding=\"async\" class=\"selos-produto\" src=\"http:\/\/dev2jormax.devdg.pt\/wp-content\/uploads\/2019\/10\/europa.jpg\" alt=\"NOME DOS SELOS (SUBSTITUIR)\" \/> <img decoding=\"async\" class=\"selos-produto\" src=\"http:\/\/dev2jormax.devdg.pt\/wp-content\/uploads\/2019\/11\/decret-50-2005.jpg\" alt=\"NOME DOS SELOS (SUBSTITUIR)\" \/> <img decoding=\"async\" class=\"selos-produto\" src=\"http:\/\/dev2jormax.devdg.pt\/wp-content\/uploads\/2019\/11\/norme-131.jpg\" alt=\"NOME DOS SELOS (SUBSTITUIR)\" \/> <img decoding=\"async\" class=\"selos-produto\" src=\"http:\/\/dev2jormax.devdg.pt\/wp-content\/uploads\/2019\/11\/garantie-5.jpg\" alt=\"NOME DOS SELOS (SUBSTITUIR)\" \/> <img decoding=\"async\" class=\"selos-produto\" src=\"http:\/\/dev2jormax.devdg.pt\/wp-content\/uploads\/2019\/11\/usage-professionnel.jpg\" alt=\"NOME DOS SELOS (SUBSTITUIR)\" \/> <img decoding=\"async\" class=\"selos-produto\" src=\"http:\/\/dev2jormax.devdg.pt\/wp-content\/uploads\/2019\/10\/peso-150.jpg\" alt=\"NOME DOS SELOS (SUBSTITUIR)\" \/><\/p>\n<p>\u00a0<\/p>","protected":false},"featured_media":2582,"template":"","meta":{"_acf_changed":false},"product_brand":[],"product_cat":[91,94],"product_tag":[],"class_list":{"0":"post-2581","1":"product","2":"type-product","3":"status-publish","4":"has-post-thumbnail","6":"product_cat-echelles","7":"product_cat-echelles-triple","9":"first","10":"instock","11":"taxable","12":"shipping-taxable","13":"purchasable","14":"product-type-variable"},"acf":[],"_links":{"self":[{"href":"https:\/\/dev1e24jormax.devdg.pt\/es\/wp-json\/wp\/v2\/product\/2581","targetHints":{"allow":["GET"]}}],"collection":[{"href":"https:\/\/dev1e24jormax.devdg.pt\/es\/wp-json\/wp\/v2\/product"}],"about":[{"href":"https:\/\/dev1e24jormax.devdg.pt\/es\/wp-json\/wp\/v2\/types\/product"}],"wp:featuredmedia":[{"embeddable":true,"href":"https:\/\/dev1e24jormax.devdg.pt\/es\/wp-json\/wp\/v2\/media\/2582"}],"wp:attachment":[{"href":"https:\/\/dev1e24jormax.devdg.pt\/es\/wp-json\/wp\/v2\/media?parent=2581"}],"wp:term":[{"taxonomy":"product_brand","embeddable":true,"href":"https:\/\/dev1e24jormax.devdg.pt\/es\/wp-json\/wp\/v2\/product_brand?post=2581"},{"taxonomy":"product_cat","embeddable":true,"href":"https:\/\/dev1e24jormax.devdg.pt\/es\/wp-json\/wp\/v2\/product_cat?post=2581"},{"taxonomy":"product_tag","embeddable":true,"href":"https:\/\/dev1e24jormax.devdg.pt\/es\/wp-json\/wp\/v2\/product_tag?post=2581"}],"curies":[{"name":"wp","href":"https:\/\/api.w.org\/{rel}","templated":true}]}}