{"id":2224,"date":"2019-10-02T16:26:06","date_gmt":"2019-10-02T14:26:06","guid":{"rendered":"https:\/\/dev1e24jormax.devdg.pt\/product\/aprof\/"},"modified":"2025-07-18T17:39:26","modified_gmt":"2025-07-18T15:39:26","slug":"aprof","status":"publish","type":"product","link":"https:\/\/dev1e24jormax.devdg.pt\/es\/producto\/aprof\/","title":{"rendered":"APROF"},"content":{"rendered":"","protected":false},"excerpt":{"rendered":"<p><strong>Escabeau de stockage, marche large de 10 cm et plateforme de travail. <\/strong><\/p>\n<p>\u00a0<\/p>\n<p>Escabeau de stockage sp\u00e9cialement con\u00e7ue pour les ouvriers qui veulent rester \u00e0 une hauteur prolong\u00e9e dans un espace de temps (entrep\u00f4ts, cimeti\u00e8res, travaux d\u2019entretien, grands entrep\u00f4ts\u2026). Il est fabriqu\u00e9 en aluminium nervur\u00e9 qui offre une robustesse maximale. Marches soud\u00e9es aux montants qui cr\u00e9ent une structure r\u00e9sistante. Tr\u00e8s pratique pour sa largeur de mont\u00e9e, de marches de grande profondeur et une large plateforme qui comprend un pied de page avec une hauteur de 15 cm, balcons et garde-corps de 1 m de hauteur qui offre une grande s\u00e9curit\u00e9. Elles comprennent des roues et des poign\u00e9es sp\u00e9ciales pour faciliter leur transport. L\u2019escabeau se ferme en facilitant leur stockage. Facultatif, un stabilisateur sp\u00e9cial peut \u00eatre adapt\u00e9 pour les passages e\u0301troits, 75 cm pour les zones a\u0300 faible espace.<\/p>\n<p>\u00a0<\/p>\n<p><img decoding=\"async\" class=\"selos-produto\" src=\"http:\/\/dev2jormax.devdg.pt\/wp-content\/uploads\/2019\/10\/europa.jpg\" alt=\"NOME DOS SELOS (SUBSTITUIR)\" \/> <img decoding=\"async\" class=\"selos-produto\" src=\"http:\/\/dev2jormax.devdg.pt\/wp-content\/uploads\/2019\/11\/decret-50-2005.jpg\" alt=\"NOME DOS SELOS (SUBSTITUIR)\" \/> <img decoding=\"async\" class=\"selos-produto\" src=\"http:\/\/dev2jormax.devdg.pt\/wp-content\/uploads\/2019\/11\/norme-131.jpg\" alt=\"NOME DOS SELOS (SUBSTITUIR)\" \/> <img decoding=\"async\" class=\"selos-produto\" src=\"http:\/\/dev2jormax.devdg.pt\/wp-content\/uploads\/2019\/11\/garantie-5.jpg\" alt=\"NOME DOS SELOS (SUBSTITUIR)\" \/> <img decoding=\"async\" class=\"selos-produto\" src=\"http:\/\/dev2jormax.devdg.pt\/wp-content\/uploads\/2019\/11\/usage-professionnel.jpg\" alt=\"NOME DOS SELOS (SUBSTITUIR)\" \/> <img decoding=\"async\" class=\"selos-produto\" src=\"http:\/\/dev2jormax.devdg.pt\/wp-content\/uploads\/2019\/10\/peso-150.jpg\" alt=\"NOME DOS SELOS (SUBSTITUIR)\" \/><\/p>\n<p>\u00a0<\/p>","protected":false},"featured_media":2225,"template":"","meta":{"_acf_changed":false},"product_brand":[],"product_cat":[83,87],"product_tag":[],"class_list":{"0":"post-2224","1":"product","2":"type-product","3":"status-publish","4":"has-post-thumbnail","6":"product_cat-escabeau","7":"product_cat-escabeau-dentrepot","9":"first","10":"instock","11":"taxable","12":"shipping-taxable","13":"purchasable","14":"product-type-variable"},"acf":[],"_links":{"self":[{"href":"https:\/\/dev1e24jormax.devdg.pt\/es\/wp-json\/wp\/v2\/product\/2224","targetHints":{"allow":["GET"]}}],"collection":[{"href":"https:\/\/dev1e24jormax.devdg.pt\/es\/wp-json\/wp\/v2\/product"}],"about":[{"href":"https:\/\/dev1e24jormax.devdg.pt\/es\/wp-json\/wp\/v2\/types\/product"}],"wp:featuredmedia":[{"embeddable":true,"href":"https:\/\/dev1e24jormax.devdg.pt\/es\/wp-json\/wp\/v2\/media\/2225"}],"wp:attachment":[{"href":"https:\/\/dev1e24jormax.devdg.pt\/es\/wp-json\/wp\/v2\/media?parent=2224"}],"wp:term":[{"taxonomy":"product_brand","embeddable":true,"href":"https:\/\/dev1e24jormax.devdg.pt\/es\/wp-json\/wp\/v2\/product_brand?post=2224"},{"taxonomy":"product_cat","embeddable":true,"href":"https:\/\/dev1e24jormax.devdg.pt\/es\/wp-json\/wp\/v2\/product_cat?post=2224"},{"taxonomy":"product_tag","embeddable":true,"href":"https:\/\/dev1e24jormax.devdg.pt\/es\/wp-json\/wp\/v2\/product_tag?post=2224"}],"curies":[{"name":"wp","href":"https:\/\/api.w.org\/{rel}","templated":true}]}}