{"id":2214,"date":"2019-10-02T15:48:42","date_gmt":"2019-10-02T13:48:42","guid":{"rendered":"https:\/\/dev1e24jormax.devdg.pt\/product\/aplus\/"},"modified":"2025-07-18T17:39:25","modified_gmt":"2025-07-18T15:39:25","slug":"aplus","status":"publish","type":"product","link":"https:\/\/dev1e24jormax.devdg.pt\/es\/producto\/aplus\/","title":{"rendered":"APLUS"},"content":{"rendered":"","protected":false},"excerpt":{"rendered":"<p><strong>Escabeau d\u2019entrep\u00f4t professionnel avec plateforme, marche large de 8 cm<br \/>\net une mont\u00e9e large. <\/strong><\/p>\n<p>\u00a0<\/p>\n<p>Escabeau \u00e0 usage professionnel fabriqu\u00e9 avec de l\u2019aluminium nervur\u00e9 qui offre la plus grande robustesse, des marches sont soud\u00e9es aux montants qui cr\u00e9ent une structure tr\u00e8s solide et robuste. Il dispose d\u2019une large plateforme de travail, d\u2019un plateau, de porte-outils, de marches de 8 cm de profondeur et d\u2019une main courante commode pour monter et descendre des op\u00e9rateurs. Comprend une main courante de protection et une barre de renforc\u00e9e,<br \/>\nanti-ouverture\/fermeture accidentelle pour une s\u00e9curit\u00e9 maximale. \u00c9quip\u00e9 de roues et de bras pour faciliter leur d\u00e9placement et leur fermeture, n\u2019occupant que 33 cm de largeur ferm\u00e9 dans leur stockage. L\u2019escabeau mod\u00e8le Aplus est conforme \u00e0 la norme europ\u00e9enne de s\u00e9curit\u00e9 EN 131.<\/p>\n<p>\u00a0<\/p>\n<p><img decoding=\"async\" class=\"selos-produto\" src=\"http:\/\/dev2jormax.devdg.pt\/wp-content\/uploads\/2019\/10\/europa.jpg\" alt=\"NOME DOS SELOS (SUBSTITUIR)\" \/> <img decoding=\"async\" class=\"selos-produto\" src=\"http:\/\/dev2jormax.devdg.pt\/wp-content\/uploads\/2019\/11\/decret-50-2005.jpg\" alt=\"NOME DOS SELOS (SUBSTITUIR)\" \/> <img decoding=\"async\" class=\"selos-produto\" src=\"http:\/\/dev2jormax.devdg.pt\/wp-content\/uploads\/2019\/11\/norme-131.jpg\" alt=\"NOME DOS SELOS (SUBSTITUIR)\" \/> <img decoding=\"async\" class=\"selos-produto\" src=\"http:\/\/dev2jormax.devdg.pt\/wp-content\/uploads\/2019\/11\/garantie-5.jpg\" alt=\"NOME DOS SELOS (SUBSTITUIR)\" \/> <img decoding=\"async\" class=\"selos-produto\" src=\"http:\/\/dev2jormax.devdg.pt\/wp-content\/uploads\/2019\/11\/usage-professionnel.jpg\" alt=\"NOME DOS SELOS (SUBSTITUIR)\" \/> <img decoding=\"async\" class=\"selos-produto\" src=\"http:\/\/dev2jormax.devdg.pt\/wp-content\/uploads\/2019\/10\/peso-150.jpg\" alt=\"NOME DOS SELOS (SUBSTITUIR)\" \/><\/p>\n<p>\u00a0<\/p>","protected":false},"featured_media":2215,"template":"","meta":{"_acf_changed":false},"product_brand":[],"product_cat":[83,87],"product_tag":[],"class_list":{"0":"post-2214","1":"product","2":"type-product","3":"status-publish","4":"has-post-thumbnail","6":"product_cat-escabeau","7":"product_cat-escabeau-dentrepot","9":"first","10":"instock","11":"taxable","12":"shipping-taxable","13":"purchasable","14":"product-type-variable"},"acf":[],"_links":{"self":[{"href":"https:\/\/dev1e24jormax.devdg.pt\/es\/wp-json\/wp\/v2\/product\/2214","targetHints":{"allow":["GET"]}}],"collection":[{"href":"https:\/\/dev1e24jormax.devdg.pt\/es\/wp-json\/wp\/v2\/product"}],"about":[{"href":"https:\/\/dev1e24jormax.devdg.pt\/es\/wp-json\/wp\/v2\/types\/product"}],"wp:featuredmedia":[{"embeddable":true,"href":"https:\/\/dev1e24jormax.devdg.pt\/es\/wp-json\/wp\/v2\/media\/2215"}],"wp:attachment":[{"href":"https:\/\/dev1e24jormax.devdg.pt\/es\/wp-json\/wp\/v2\/media?parent=2214"}],"wp:term":[{"taxonomy":"product_brand","embeddable":true,"href":"https:\/\/dev1e24jormax.devdg.pt\/es\/wp-json\/wp\/v2\/product_brand?post=2214"},{"taxonomy":"product_cat","embeddable":true,"href":"https:\/\/dev1e24jormax.devdg.pt\/es\/wp-json\/wp\/v2\/product_cat?post=2214"},{"taxonomy":"product_tag","embeddable":true,"href":"https:\/\/dev1e24jormax.devdg.pt\/es\/wp-json\/wp\/v2\/product_tag?post=2214"}],"curies":[{"name":"wp","href":"https:\/\/api.w.org\/{rel}","templated":true}]}}