{"id":2060,"date":"2019-10-23T13:47:13","date_gmt":"2019-10-23T11:47:13","guid":{"rendered":"https:\/\/dev1e24jormax.devdg.pt\/product\/tempo-l-1-35-m-largeur\/"},"modified":"2025-07-18T17:42:28","modified_gmt":"2025-07-18T15:42:28","slug":"tempo-l-1-35-m-largeur","status":"publish","type":"product","link":"https:\/\/dev1e24jormax.devdg.pt\/es\/producto\/tempo-l-1-35-m-largeur\/","title":{"rendered":"TEMPO L 1.35 M LARGEUR"},"content":{"rendered":"<p style=\"padding10px; background: #fb383b; color: white; text-align: center;\"><strong>TEMPO L 1.35 M LARGEUR<\/strong><\/p>\n<p>Voir plus d&rsquo;informations sur les composants dans la fiche technique.<\/p>\n<p>&nbsp;<\/p>\n<p style=\"font-size: 12px; line-height: 16px;\">4 roues de diam\u00e8tre 125 mm, 4 pieds tourn\u00e9s de 400 mm, 4 stabilisateurs de hauteur d&rsquo;\u00e9chafaudage, 2 tiret horizontales, 2 diagonales sur chaque module avec ses jalons, 1 module terminal, 1 plateforme de travail avec couvercle ainsi que des plinthes tous les 4 m. Les compositions sont r\u00e9alis\u00e9es en hauteur avec autant de jalons en 7 marches que possible. Les stabilisateurs peuvent \u00eatre P, M ou G en fonction de la hauteur de l\u2019\u00e9chafaudage.<\/p>\n<p>&nbsp;<\/p>\n<p style=\"font-size: 12px; line-height: 16px;\">*Hauteur maximale autoris\u00e9e selon la norme europ\u00e9enne pour travailler \u00e0 l&rsquo;ext\u00e9rieur des b\u00e2timents.<br \/>\n** Hauteur maximale autoris\u00e9e selon la norme europ\u00e9enne pour travailler \u00e0 l&rsquo;int\u00e9rieur de b\u00e2timents.<\/p>\n<p>\u00a0<\/p>","protected":false},"excerpt":{"rendered":"<p><strong>\u00c9chafaudage sp\u00e9cialement indiqu\u00e9 pour une utilisation<br \/>\nintensive et quotidienne, mod\u00e8le professionnel.<\/strong><\/p>\n<p>\u00a0<\/p>\n<p>Fabriqu\u00e9 en aluminium \u00e0 haute r\u00e9sistance qui ne s&rsquo;oxyde pas, il offre une plus grande durabilit\u00e9, une productivit\u00e9 et une s\u00e9curit\u00e9 maximales. Cet \u00e9chafaudage est assembl\u00e9 avec peu de pi\u00e8ces, qui sont transport\u00e9es tr\u00e8s facilement et permet de r\u00e9aliser diff\u00e9rentes configurations, standard ou sp\u00e9ciales, en fonction des besoins du client. Disponible en largeur: 1,35 m (L) et avec des longueurs de 2,00 &#8211; 2,50 et 3,00 m.<\/p>\n<p>\u00a0<\/p>\n<p><b>Disponible en largeur:<\/b><br \/>\n&#8211; 1,35 m (L) et avec des longueurs de 2,00 &#8211; 2,50 et 3,00 m.<\/p>\n<p>\u00a0<\/p>\n<p>\u00a0<\/p>\n<p><a class=\"mainbutton\" href=\"http:\/\/dev2jormax.devdg.pt\/fr\/produtos\/vente-de-pieces-tempo-s-&#038;-l\/\"><strong> Voir les pi\u00e8ces <\/strong><\/a><\/p>\n<p>\u00a0<\/p>\n<p><a class=\"mainbutton\" href=\"http:\/\/dev2jormax.devdg.pt\/fr\/produtos\/tempo-s-&#038;-l-informations-complementaires\/\"><strong> Voir les informations suppl\u00e9mentaires <\/strong><\/a><\/p>\n<p>\u00a0<\/p>\n<p>\u00a0<\/p>\n<p><img decoding=\"async\" class=\"selos-produto\" src=\"http:\/\/dev2jormax.devdg.pt\/wp-content\/uploads\/2019\/10\/europa.jpg\" alt=\"NOME DOS SELOS (SUBSTITUIR)\" \/> <img decoding=\"async\" class=\"selos-produto\" src=\"http:\/\/dev2jormax.devdg.pt\/wp-content\/uploads\/2019\/11\/decret-50-2005.jpg\" alt=\"NOME DOS SELOS (SUBSTITUIR)\" \/> <img decoding=\"async\" class=\"selos-produto\" src=\"http:\/\/dev2jormax.devdg.pt\/wp-content\/uploads\/2019\/11\/norme-1004.jpg\" alt=\"NOME DOS SELOS (SUBSTITUIR)\" \/> <img decoding=\"async\" class=\"selos-produto\" src=\"http:\/\/dev2jormax.devdg.pt\/wp-content\/uploads\/2019\/10\/norma-UN-EN.jpg\" alt=\"NOME DOS SELOS (SUBSTITUIR)\" \/> <img decoding=\"async\" class=\"selos-produto\" src=\"http:\/\/dev2jormax.devdg.pt\/wp-content\/uploads\/2019\/11\/garantie-5.jpg\" alt=\"NOME DOS SELOS (SUBSTITUIR)\" \/> <img decoding=\"async\" class=\"selos-produto\" src=\"http:\/\/dev2jormax.devdg.pt\/wp-content\/uploads\/2019\/11\/usage-professionnel.jpg\" alt=\"NOME DOS SELOS (SUBSTITUIR)\" \/> <img decoding=\"async\" class=\"selos-produto\" src=\"http:\/\/dev2jormax.devdg.pt\/wp-content\/uploads\/2019\/10\/peso-200-m2.jpg\" alt=\"NOME DOS SELOS (SUBSTITUIR)\" \/><\/p>\n<p>\u00a0<\/p>","protected":false},"featured_media":2061,"template":"","meta":{"_acf_changed":false},"product_brand":[],"product_cat":[81,82],"product_tag":[],"class_list":{"0":"post-2060","1":"product","2":"type-product","3":"status-publish","4":"has-post-thumbnail","6":"product_cat-echafaudage","7":"product_cat-echafaudage-professionnel","9":"first","10":"instock","11":"taxable","12":"shipping-taxable","13":"purchasable","14":"product-type-variable"},"acf":[],"_links":{"self":[{"href":"https:\/\/dev1e24jormax.devdg.pt\/es\/wp-json\/wp\/v2\/product\/2060","targetHints":{"allow":["GET"]}}],"collection":[{"href":"https:\/\/dev1e24jormax.devdg.pt\/es\/wp-json\/wp\/v2\/product"}],"about":[{"href":"https:\/\/dev1e24jormax.devdg.pt\/es\/wp-json\/wp\/v2\/types\/product"}],"wp:featuredmedia":[{"embeddable":true,"href":"https:\/\/dev1e24jormax.devdg.pt\/es\/wp-json\/wp\/v2\/media\/2061"}],"wp:attachment":[{"href":"https:\/\/dev1e24jormax.devdg.pt\/es\/wp-json\/wp\/v2\/media?parent=2060"}],"wp:term":[{"taxonomy":"product_brand","embeddable":true,"href":"https:\/\/dev1e24jormax.devdg.pt\/es\/wp-json\/wp\/v2\/product_brand?post=2060"},{"taxonomy":"product_cat","embeddable":true,"href":"https:\/\/dev1e24jormax.devdg.pt\/es\/wp-json\/wp\/v2\/product_cat?post=2060"},{"taxonomy":"product_tag","embeddable":true,"href":"https:\/\/dev1e24jormax.devdg.pt\/es\/wp-json\/wp\/v2\/product_tag?post=2060"}],"curies":[{"name":"wp","href":"https:\/\/api.w.org\/{rel}","templated":true}]}}