{"id":3,"date":"2025-05-09T11:00:49","date_gmt":"2025-05-09T11:00:49","guid":{"rendered":"http:\/\/dev1e24jormax.devdg.pt\/?page_id=3"},"modified":"2025-07-18T18:56:11","modified_gmt":"2025-07-18T16:56:11","slug":"politique-de-confidentialite","status":"publish","type":"page","link":"https:\/\/dev1e24jormax.devdg.pt\/es\/politique-de-confidentialite\/","title":{"rendered":"pol\u00edtica de privacidad"},"content":{"rendered":"<div data-elementor-type=\"wp-page\" data-elementor-id=\"3\" class=\"elementor elementor-3\" data-elementor-post-type=\"page\">\n\t\t\t\t\t\t<section class=\"elementor-section elementor-top-section elementor-element elementor-element-38f1c9d elementor-section-boxed elementor-section-height-default elementor-section-height-default elementor-invisible\" data-id=\"38f1c9d\" data-element_type=\"section\" data-settings=\"{&quot;background_background&quot;:&quot;classic&quot;,&quot;animation&quot;:&quot;fadeIn&quot;,&quot;animation_delay&quot;:200,&quot;ekit_has_onepagescroll_dot&quot;:&quot;yes&quot;}\">\n\t\t\t\t\t\t<div class=\"elementor-container elementor-column-gap-default\">\n\t\t\t\t\t<div class=\"elementor-column elementor-col-50 elementor-top-column elementor-element elementor-element-5fcdf5b elementor-hidden-tablet elementor-hidden-mobile vertical-menu-id-css-for-stickys-e24-loja\" data-id=\"5fcdf5b\" data-element_type=\"column\" id=\"vertical-menu-id-css-for-stickys-e24-loja\" data-settings=\"{&quot;background_background&quot;:&quot;classic&quot;}\">\n\t\t\t<div class=\"elementor-widget-wrap elementor-element-populated\">\n\t\t\t\t\t\t<div class=\"elementor-element elementor-element-3c4760b elementor-widget__width-inherit ekit-sticky--top elementor-widget elementor-widget-ekit-vertical-menu\" data-id=\"3c4760b\" data-element_type=\"widget\" data-settings=\"{&quot;ekit_sticky&quot;:&quot;top&quot;,&quot;ekit_sticky_until&quot;:&quot;vertical-menu-id-css-for-stickys-e24-loja&quot;,&quot;ekit_sticky_offset&quot;:{&quot;unit&quot;:&quot;px&quot;,&quot;size&quot;:122,&quot;sizes&quot;:[]},&quot;ekit_we_effect_on&quot;:&quot;none&quot;,&quot;ekit_sticky_offset_tablet&quot;:{&quot;unit&quot;:&quot;px&quot;,&quot;size&quot;:&quot;&quot;,&quot;sizes&quot;:[]},&quot;ekit_sticky_offset_mobile&quot;:{&quot;unit&quot;:&quot;px&quot;,&quot;size&quot;:&quot;&quot;,&quot;sizes&quot;:[]},&quot;ekit_sticky_on_desktop&quot;:&quot;desktop&quot;,&quot;ekit_sticky_on_tablet&quot;:&quot;tablet&quot;,&quot;ekit_sticky_on_mobile&quot;:&quot;mobile&quot;,&quot;ekit_sticky_effect_offset&quot;:{&quot;unit&quot;:&quot;px&quot;,&quot;size&quot;:0,&quot;sizes&quot;:[]},&quot;ekit_sticky_effect_offset_tablet&quot;:{&quot;unit&quot;:&quot;px&quot;,&quot;size&quot;:&quot;&quot;,&quot;sizes&quot;:[]},&quot;ekit_sticky_effect_offset_mobile&quot;:{&quot;unit&quot;:&quot;px&quot;,&quot;size&quot;:&quot;&quot;,&quot;sizes&quot;:[]}}\" data-widget_type=\"ekit-vertical-menu.default\">\n\t\t\t\t<div class=\"elementor-widget-container\">\n\t\t\t\t\t<div class=\"ekit-wid-con\">        <div \n            class=\"ekit-vertical-main-menu-wraper   badge-position-left\"\n        >\n                                <\/div>\n        <\/div>\t\t\t\t<\/div>\n\t\t\t\t<\/div>\n\t\t\t\t\t<\/div>\n\t\t<\/div>\n\t\t\t\t<div class=\"elementor-column elementor-col-50 elementor-top-column elementor-element elementor-element-a4080d8\" data-id=\"a4080d8\" data-element_type=\"column\" data-settings=\"{&quot;background_background&quot;:&quot;classic&quot;}\">\n\t\t\t<div class=\"elementor-widget-wrap elementor-element-populated\">\n\t\t\t\t\t\t<section class=\"elementor-section elementor-inner-section elementor-element elementor-element-6de4bd4 elementor-section-boxed elementor-section-height-default elementor-section-height-default\" data-id=\"6de4bd4\" data-element_type=\"section\" data-settings=\"{&quot;background_background&quot;:&quot;classic&quot;,&quot;ekit_has_onepagescroll_dot&quot;:&quot;yes&quot;}\">\n\t\t\t\t\t\t\t<div class=\"elementor-background-overlay\"><\/div>\n\t\t\t\t\t\t\t<div class=\"elementor-container elementor-column-gap-default\">\n\t\t\t\t\t<div class=\"elementor-column elementor-col-100 elementor-inner-column elementor-element elementor-element-5ec9a42 elementor-invisible\" data-id=\"5ec9a42\" data-element_type=\"column\" data-settings=\"{&quot;animation&quot;:&quot;bounceInRight&quot;}\">\n\t\t\t<div class=\"elementor-widget-wrap elementor-element-populated\">\n\t\t\t\t\t\t<div class=\"elementor-element elementor-element-44d7fce elementor-widget elementor-widget-heading\" data-id=\"44d7fce\" data-element_type=\"widget\" data-settings=\"{&quot;ekit_we_effect_on&quot;:&quot;none&quot;}\" data-widget_type=\"heading.default\">\n\t\t\t\t<div class=\"elementor-widget-container\">\n\t\t\t\t\t<div class=\"elementor-heading-title elementor-size-default\">\ud83d\udee1\ufe0f Politique de confidentialit\u00e9 \u2013 Escadas 24<\/div>\t\t\t\t<\/div>\n\t\t\t\t<\/div>\n\t\t\t\t<div class=\"elementor-element elementor-element-16e7c21 elementor-widget elementor-widget-text-editor\" data-id=\"16e7c21\" data-element_type=\"widget\" data-settings=\"{&quot;ekit_we_effect_on&quot;:&quot;none&quot;}\" data-widget_type=\"text-editor.default\">\n\t\t\t\t<div class=\"elementor-widget-container\">\n\t\t\t\t\t\t\t\t\t<p>Chez Escadas 24, nous accordons une grande importance \u00e0 votre vie priv\u00e9e. Nous nous engageons \u00e0 prot\u00e9ger vos donn\u00e9es personnelles et \u00e0 garantir une transparence totale sur leur utilisation.<\/p><p><strong>1. Responsable du traitement des donn\u00e9es<\/strong><\/p><p>La soci\u00e9t\u00e9 responsable de la collecte et du traitement de vos donn\u00e9es est Escadas 24, dont le si\u00e8ge social est situ\u00e9 \u00e0 [adresse de l&rsquo;entreprise], NIF [num\u00e9ro], et enregistr\u00e9e au Portugal.<\/p><p><strong>2. Donn\u00e9es collect\u00e9es<\/strong><\/p><p>Nous collectons les donn\u00e9es suivantes, toujours selon le principe de minimisation\u00a0:<\/p><p>Nom complet<\/p><p>Adresse de livraison et de facturation<\/p><p>Num\u00e9ros de t\u00e9l\u00e9phone et adresse e-mail<\/p><p>Informations de paiement (trait\u00e9es de mani\u00e8re s\u00e9curis\u00e9e par des tiers)<\/p><p><strong>3. Finalit\u00e9 du traitement<\/strong><\/p><p>Nous utilisons vos donn\u00e9es pour\u00a0:<\/p><p>Traiter et exp\u00e9dier les commandes<\/p><p>\u00c9mettre des factures<\/p><p>Communiquer le statut des commandes<\/p><p>Envoyer des newsletters (si vous avez donn\u00e9 votre consentement)<\/p><p>Am\u00e9liorer votre exp\u00e9rience sur notre site web<\/p><p><strong>4. Partage de donn\u00e9es avec des tiers<\/strong><\/p><p>Vos donn\u00e9es sont partag\u00e9es uniquement avec des partenaires essentiels, tels que\u00a0:<\/p><p>Transporteurs<\/p><p>Plateformes de paiement s\u00e9curis\u00e9es (par exemple, Stripe, PayPal)<\/p><p>Logiciels de facturation<\/p><p>Nous ne vendons ni ne partageons jamais vos donn\u00e9es \u00e0 des fins commerciales.<\/p><p><strong>5. S\u00e9curit\u00e9<\/strong><\/p><p>Nous mettons en \u0153uvre des mesures techniques et organisationnelles pour prot\u00e9ger vos donn\u00e9es contre tout acc\u00e8s non autoris\u00e9, toute perte ou toute destruction.<\/p><p><strong>6. Droits des utilisateurs<\/strong><\/p><p>Vous pouvez, \u00e0 tout moment, demander\u00a0:<\/p><p>L&rsquo;acc\u00e8s \u00e0 vos donn\u00e9es<\/p><p>La rectification des donn\u00e9es inexactes<\/p><p>L&rsquo;effacement des donn\u00e9es<\/p><p>La limitation ou l&rsquo;opposition au traitement<\/p><p>La portabilit\u00e9 des donn\u00e9es<\/p><p>Pour exercer ces droits, veuillez envoyer un e-mail \u00e0 [adresse e-mail de contact].<\/p><p><strong>7. Cookies<\/strong><\/p><p>Nous utilisons des cookies pour am\u00e9liorer la navigation et personnaliser votre exp\u00e9rience. Vous pouvez configurer ou refuser les cookies dans votre navigateur.<\/p>\t\t\t\t\t\t\t\t<\/div>\n\t\t\t\t<\/div>\n\t\t\t\t\t<\/div>\n\t\t<\/div>\n\t\t\t\t\t<\/div>\n\t\t<\/section>\n\t\t\t\t<div class=\"elementor-element elementor-element-2b26545 elementor-widget elementor-widget-spacer\" data-id=\"2b26545\" data-element_type=\"widget\" data-settings=\"{&quot;ekit_we_effect_on&quot;:&quot;none&quot;}\" data-widget_type=\"spacer.default\">\n\t\t\t\t<div class=\"elementor-widget-container\">\n\t\t\t\t\t\t\t<div class=\"elementor-spacer\">\n\t\t\t<div class=\"elementor-spacer-inner\"><\/div>\n\t\t<\/div>\n\t\t\t\t\t\t<\/div>\n\t\t\t\t<\/div>\n\t\t\t\t\t<\/div>\n\t\t<\/div>\n\t\t\t\t\t<\/div>\n\t\t<\/section>\n\t\t\t\t<\/div>","protected":false},"excerpt":{"rendered":"<p>ESCADOTES Escadotes profissionais Escadotes dom\u00e9sticos Plataformas Individuais de Trabalho Escadotes em Fibra de Vidro Bancos escadote ESCADAS Escadas simples Escadas duplas Escadas triplas Escadas telesc\u00f3picas Escadas em fibra de vidro ESCADAS DE ACESSO VERTICAL PLATAFORMAS Plataforma 1 subida Plataforma 2 subidas Pontes ANDAIMES Andaimes ligeiros Andaimes profissionais Andaimes em fibra de vidro FIBRA DE VIDRO [&hellip;]<\/p>","protected":false},"author":1,"featured_media":0,"parent":0,"menu_order":0,"comment_status":"closed","ping_status":"closed","template":"","meta":{"_acf_changed":false,"footnotes":""},"class_list":["post-3","page","type-page","status-publish","hentry"],"acf":[],"_links":{"self":[{"href":"https:\/\/dev1e24jormax.devdg.pt\/es\/wp-json\/wp\/v2\/pages\/3","targetHints":{"allow":["GET"]}}],"collection":[{"href":"https:\/\/dev1e24jormax.devdg.pt\/es\/wp-json\/wp\/v2\/pages"}],"about":[{"href":"https:\/\/dev1e24jormax.devdg.pt\/es\/wp-json\/wp\/v2\/types\/page"}],"author":[{"embeddable":true,"href":"https:\/\/dev1e24jormax.devdg.pt\/es\/wp-json\/wp\/v2\/users\/1"}],"replies":[{"embeddable":true,"href":"https:\/\/dev1e24jormax.devdg.pt\/es\/wp-json\/wp\/v2\/comments?post=3"}],"version-history":[{"count":0,"href":"https:\/\/dev1e24jormax.devdg.pt\/es\/wp-json\/wp\/v2\/pages\/3\/revisions"}],"wp:attachment":[{"href":"https:\/\/dev1e24jormax.devdg.pt\/es\/wp-json\/wp\/v2\/media?parent=3"}],"curies":[{"name":"wp","href":"https:\/\/api.w.org\/{rel}","templated":true}]}}